{"id":144,"date":"2017-02-22T14:37:50","date_gmt":"2017-02-22T14:37:50","guid":{"rendered":"http:\/\/luagris.net\/turismo\/?page_id=144"},"modified":"2017-04-09T19:14:50","modified_gmt":"2017-04-09T19:14:50","slug":"quest-ce-que-cest-ceci","status":"publish","type":"page","link":"https:\/\/luagris.net\/turismo\/?lang=fr","title":{"rendered":"Qu&#8217;est-ce que c&#8217;est ceci?"},"content":{"rendered":"<p>Mon nom est Eduardo Est\u00e9vez. Je suis n\u00e9 \u00e0 Buenos Aires en 1969 e j&#8217;habite en Galice (ce petit morceau de la Peninsule Iberique qui appartien \u00e0 l&#8217;Espagne et qui est situ\u00e9 au nord du Portugal) depuis 1995. <\/p>\n<p>Je suis un \u00e9crivain, j&#8217;ai publi\u00e9 plus d&#8217;une douzaine de livres e j&#8217;ai obtenu quelques prix de po\u00e9sie. En plus, je collabore avec divers projects d&#8217;\u00e9dition.<\/p>\n<p>Pendant presque dix-huit ans, j&#8217;ai travaille dans le secteur des TIC, d&#8217;abord en tant que programmeur et apr\u00e8s en tant que annalyste. En 2016 j&#8217;ai commenc\u00e9 \u00e0 \u00e9tudier pour devenir un guide turistique. <\/p>\n<p>Et j&#8217;ai  beaucoupvoyag\u00e9, toujours. Et je continue \u00e0 le fair. \u00c0 l&#8217;interieur et hors de la Galice.<\/p>\n<p>Ce blog a \u00e9t\u00e9 con\u00e7u comme une sorte de d\u00eapot publique d&#8217;information touristique. D&#8217;information \u00e0 propos des site que je visite e d&#8217;autres que, pour une raison ou l&#8217;autre, j&#8217;ai eu besoin de \u00e9tudier plus profondement, auront lieu ici pour rester disponibles pour tous les personne qui puissent y avoir besoin.<\/p>\n<p>Si vous voulez en savoir plus \u00e0 propos de moi, vous pouvez regarder <a href=\"http:\/\/luagris.net\/blog\/?page_id=543\">ici<\/a> [en galicien].<br \/>\nSi vous voulez en savoir sur mes livres, regardez <a href=\"http:\/\/luagris.net\/blog\/?page_id=8\">ici<\/a> [en galicien].<\/p>\n","protected":false},"excerpt":{"rendered":"<p>Mon nom est Eduardo Est\u00e9vez. Je suis n\u00e9 \u00e0 Buenos Aires en 1969 e j&#8217;habite en Galice (ce petit morceau de la Peninsule Iberique qui appartien \u00e0 l&#8217;Espagne et qui est situ\u00e9 au nord du [&hellip;]<\/p>\n","protected":false},"author":3,"featured_media":0,"parent":0,"menu_order":0,"comment_status":"closed","ping_status":"open","template":"","meta":{"footnotes":""},"class_list":["post-144","page","type-page","status-publish","hentry"],"jetpack_sharing_enabled":true,"jetpack_shortlink":"https:\/\/wp.me\/P8v7Zj-2k","_links":{"self":[{"href":"https:\/\/luagris.net\/turismo\/index.php?rest_route=\/wp\/v2\/pages\/144","targetHints":{"allow":["GET"]}}],"collection":[{"href":"https:\/\/luagris.net\/turismo\/index.php?rest_route=\/wp\/v2\/pages"}],"about":[{"href":"https:\/\/luagris.net\/turismo\/index.php?rest_route=\/wp\/v2\/types\/page"}],"author":[{"embeddable":true,"href":"https:\/\/luagris.net\/turismo\/index.php?rest_route=\/wp\/v2\/users\/3"}],"replies":[{"embeddable":true,"href":"https:\/\/luagris.net\/turismo\/index.php?rest_route=%2Fwp%2Fv2%2Fcomments&post=144"}],"version-history":[{"count":3,"href":"https:\/\/luagris.net\/turismo\/index.php?rest_route=\/wp\/v2\/pages\/144\/revisions"}],"predecessor-version":[{"id":345,"href":"https:\/\/luagris.net\/turismo\/index.php?rest_route=\/wp\/v2\/pages\/144\/revisions\/345"}],"wp:attachment":[{"href":"https:\/\/luagris.net\/turismo\/index.php?rest_route=%2Fwp%2Fv2%2Fmedia&parent=144"}],"curies":[{"name":"wp","href":"https:\/\/api.w.org\/{rel}","templated":true}]}}