{"id":137,"date":"2017-02-22T14:14:58","date_gmt":"2017-02-22T14:14:58","guid":{"rendered":"http:\/\/luagris.net\/turismo\/?page_id=137"},"modified":"2017-04-09T19:12:11","modified_gmt":"2017-04-09T19:12:11","slug":"de-que-va-todo-esto","status":"publish","type":"page","link":"https:\/\/luagris.net\/turismo\/?lang=es","title":{"rendered":"\u00bfQu\u00e9 es todo esto?"},"content":{"rendered":"<p>Me llamo Eduardo Est\u00e9vez. Nac\u00ed en Buenos Aires en 1969 y vivo en Galicia desde 1995. <\/p>\n<p>Soy escritor, tengo unos cuantos libros publicados y gan\u00e9 diversos premios. Colaboro en diferentes proyectos de edici\u00f3n.<\/p>\n<p>Durante casi dieciocho a\u00f1os, trabaj\u00e9 en el sector TIC, primero como programador y despu\u00e9s como analista. En 2016 empec\u00e9 a estudiar para convertirme en gu\u00eda tur\u00edstico.<br \/>\nY viaj\u00e9 mucho, siempre. Y sigo viajando. Dentro y fuera de Galicia. <\/p>\n<p>Este blog pretende ser una especie de repositorio p\u00fablico de informaci\u00f3n tur\u00edstica. La informaci\u00f3n de lugares que visito y sobre los que, por una raz\u00f3n u outra, me toc\u00f3 profundizar, ir\u00e1n teniendo aqu\u00ed su espacio donde quedar, para todas las persoas a las que pueda venirles bien.<\/p>\n<p>Si quieres saber m\u00e1s sobre m\u00ed, pudes mirar <a href=\"http:\/\/luagris.net\/blog\/?page_id=543\">aqu\u00ed<\/a> [en gallego].<br \/>\nSi quieres saber m\u00e1s sobre mis libros, mira <a href=\"http:\/\/luagris.net\/blog\/?page_id=8\">aqu\u00ed<\/a> [en gallego].<\/p>\n","protected":false},"excerpt":{"rendered":"<p>Me llamo Eduardo Est\u00e9vez. Nac\u00ed en Buenos Aires en 1969 y vivo en Galicia desde 1995. Soy escritor, tengo unos cuantos libros publicados y gan\u00e9 diversos premios. Colaboro en diferentes proyectos de edici\u00f3n. Durante casi [&hellip;]<\/p>\n","protected":false},"author":3,"featured_media":0,"parent":0,"menu_order":0,"comment_status":"closed","ping_status":"open","template":"","meta":{"footnotes":""},"class_list":["post-137","page","type-page","status-publish","hentry"],"jetpack_sharing_enabled":true,"jetpack_shortlink":"https:\/\/wp.me\/P8v7Zj-2d","_links":{"self":[{"href":"https:\/\/luagris.net\/turismo\/index.php?rest_route=\/wp\/v2\/pages\/137","targetHints":{"allow":["GET"]}}],"collection":[{"href":"https:\/\/luagris.net\/turismo\/index.php?rest_route=\/wp\/v2\/pages"}],"about":[{"href":"https:\/\/luagris.net\/turismo\/index.php?rest_route=\/wp\/v2\/types\/page"}],"author":[{"embeddable":true,"href":"https:\/\/luagris.net\/turismo\/index.php?rest_route=\/wp\/v2\/users\/3"}],"replies":[{"embeddable":true,"href":"https:\/\/luagris.net\/turismo\/index.php?rest_route=%2Fwp%2Fv2%2Fcomments&post=137"}],"version-history":[{"count":4,"href":"https:\/\/luagris.net\/turismo\/index.php?rest_route=\/wp\/v2\/pages\/137\/revisions"}],"predecessor-version":[{"id":343,"href":"https:\/\/luagris.net\/turismo\/index.php?rest_route=\/wp\/v2\/pages\/137\/revisions\/343"}],"wp:attachment":[{"href":"https:\/\/luagris.net\/turismo\/index.php?rest_route=%2Fwp%2Fv2%2Fmedia&parent=137"}],"curies":[{"name":"wp","href":"https:\/\/api.w.org\/{rel}","templated":true}]}}