{"id":54,"date":"2017-01-03T15:42:28","date_gmt":"2017-01-03T15:42:28","guid":{"rendered":"http:\/\/luagris.net\/obradoiros\/?page_id=54"},"modified":"2017-01-18T09:54:25","modified_gmt":"2017-01-18T09:54:25","slug":"informacion-xeral","status":"publish","type":"page","link":"https:\/\/luagris.net\/obradoiros\/?page_id=54","title":{"rendered":"Informaci\u00f3n xeral"},"content":{"rendered":"<p>Desde a A.C.L\u00faa Gris, desenvolvo diversos tipos de obradoiros de lectura e escrita.<\/p>\n<p>&nbsp;<\/p>\n<p><u>Obradoiros de escrita para persoas adultas<\/u><br \/>\nEntre 12 e 114 anos, estes obradoiros ofrecen \u00e1s persoas participantes un espazo no que desenvolver as s\u00faas habilidades na escrita literaria. Os textos producidos polas persoas participantes son postos en com\u00fan e da s\u00faa lectura cr\u00edtica van nacendo os f\u00edos que permiten entender a estrutura do texto e as s\u00faas funci\u00f3ns.<br \/>\nA clave \u00e9 ler, entender, descifrar, comentar, escoitar e medrar en grupo, potenciando o xesto construtivo e o respecto e a valoraci\u00f3n da opini\u00f3n dos\/as outros\/as.<\/p>\n<p>Pretendemos formar escritores e escritoras. Isto non \u00e9 un traballo dunhas poucas semanas, polo que gustamos de obradoiros extensos, est\u00e1beis: espazos nos que se van creando vencellos de confianza entre as persoas participantes que colaboran entre todas no crecemento do grupo e no individual de cada quen. Ofrecemos tam\u00e9n obradoiros de iniciaci\u00f3n cunha duraci\u00f3n determinada (a partir de 6 sesi\u00f3ns) e, cando non \u00e9 pos\u00edbel formar un grupo, traballamos tam\u00e9n de xeito individualizado tanto en modalidade presencial como a distancia.<\/p>\n<p>&nbsp;<\/p>\n<p><u>Obradoiros personalizados<\/u><br \/>\nG\u00fastanme sobre todo os obradoiros en grupo porque as lecturas plurais son moito m\u00e1is enriquecedoras e as din\u00e1micas colectivas axudan moito ao traballo do texto. Pero, se non tes ning\u00fan obradoiro en grupo que che coincida ben, vives lonxe de todo, tes horarios complicados ou precisas unha axuda m\u00e1is persoal para un proxecto concreto, m\u00e1ndame un mail, c\u00f3ntame quen es e cal \u00e9 o teu proxecto e atoparemos unha maneira de traballar xuntos.<\/p>\n<p>&nbsp;<\/p>\n<p><u>Obradoiros de lectura e escrita para persoas adultas<\/u><br \/>\nNos obradoiros de lectura e escrita o obxectivo non \u00e9 s\u00f3 formar escritores e escritoras sen\u00f3n tam\u00e9n lectores e lectoras cr\u00edticos\/as. Traballamos a partir de textos das persoas participantes e mais de libros publicados na procura de atopar as claves que nos permitan mellorar a nosa relaci\u00f3n co texto literario.<\/p>\n<p>&nbsp;<\/p>\n<p><u>Obradoiros de lectura e escrita para nenas e nenos<\/u><br \/>\nEstes obradoiros, destinados e nenos e nenas de entre 9 e 12 anos, te\u00f1en como obxectivo axudar a descubrir o gusto polas palabras, que os libros poden ser divertidos e que \u00e9 pos\u00edbel constru\u00edr textos literarios dun xeito l\u00fadico. Traballamos con grupos de entre cinco e quince nenos e nenas, preferentemente (pero non s\u00f3) en bibliotecas e procuramos que as nenas e os nenos se familiaricen cos libros e descubran as ferramentas coas que abrirse a posibilidades creativas novas.<\/p>\n<p>&nbsp;<\/p>\n<p><u>Por que non hai un obradoiro colectivo m\u00e1is preto da mi\u00f1a casa?<\/u><br \/>\nNon te\u00f1o ning\u00fan problema en ir facer un obradoiro al\u00ed onde haxa xente interesada. Podemos facelo en forma privada ou tentar involucrar algunha instituci\u00f3n (o concello, unha biblioteca, unha asociaci\u00f3n de veci\u00f1os). Se pensas que na t\u00faa zona \u00e9 posible xuntar un grupo m\u00ednimo de persoas interesadas en participar nun obradoiro literario, ponte en contacto comigo e busc\u00e1moslle unha soluci\u00f3n.<\/p>\n<p>&nbsp;<\/p>\n<p>Podes escribirme a <strong>correo [arroba] luagris [punto] net<\/strong> e facer todas as preguntas que queiras.<\/p>\n","protected":false},"excerpt":{"rendered":"<p>Desde a A.C.L\u00faa Gris, desenvolvo diversos tipos de obradoiros de lectura e escrita. &nbsp; Obradoiros de escrita para persoas adultas&hellip;<\/p>\n","protected":false},"author":2,"featured_media":132,"parent":0,"menu_order":0,"comment_status":"closed","ping_status":"closed","template":"","meta":{"footnotes":""},"class_list":["post-54","page","type-page","status-publish","has-post-thumbnail","hentry"],"jetpack_sharing_enabled":true,"jetpack_shortlink":"https:\/\/wp.me\/P8hfay-S","_links":{"self":[{"href":"https:\/\/luagris.net\/obradoiros\/index.php?rest_route=\/wp\/v2\/pages\/54","targetHints":{"allow":["GET"]}}],"collection":[{"href":"https:\/\/luagris.net\/obradoiros\/index.php?rest_route=\/wp\/v2\/pages"}],"about":[{"href":"https:\/\/luagris.net\/obradoiros\/index.php?rest_route=\/wp\/v2\/types\/page"}],"author":[{"embeddable":true,"href":"https:\/\/luagris.net\/obradoiros\/index.php?rest_route=\/wp\/v2\/users\/2"}],"replies":[{"embeddable":true,"href":"https:\/\/luagris.net\/obradoiros\/index.php?rest_route=%2Fwp%2Fv2%2Fcomments&post=54"}],"version-history":[{"count":12,"href":"https:\/\/luagris.net\/obradoiros\/index.php?rest_route=\/wp\/v2\/pages\/54\/revisions"}],"predecessor-version":[{"id":306,"href":"https:\/\/luagris.net\/obradoiros\/index.php?rest_route=\/wp\/v2\/pages\/54\/revisions\/306"}],"wp:featuredmedia":[{"embeddable":true,"href":"https:\/\/luagris.net\/obradoiros\/index.php?rest_route=\/wp\/v2\/media\/132"}],"wp:attachment":[{"href":"https:\/\/luagris.net\/obradoiros\/index.php?rest_route=%2Fwp%2Fv2%2Fmedia&parent=54"}],"curies":[{"name":"wp","href":"https:\/\/api.w.org\/{rel}","templated":true}]}}