{"id":475,"date":"2020-08-26T12:47:50","date_gmt":"2020-08-26T12:47:50","guid":{"rendered":"http:\/\/luagris.net\/obradoiros\/?page_id=475"},"modified":"2020-08-26T12:48:52","modified_gmt":"2020-08-26T12:48:52","slug":"475-2","status":"publish","type":"page","link":"https:\/\/luagris.net\/obradoiros\/","title":{"rendered":""},"content":{"rendered":"\n<p class=\"has-text-align-center\">o meu traballo como coordinador de obradoiros de escrita tomou nome novo e novas compa\u00f1as.<br>ch\u00e1mase tecedeiras e nel traballo con persoas \u00e1s que admiro e aprezo.<br>bot\u00e1delle un ollo \u00e1s nosas propostas:<\/p>\n\n\n\n<p class=\"has-text-align-center\"><span style=\"color: #396a9c;\"><strong>tecedeiras.gal<\/strong><\/span><\/p>\n\n\n\n<p class=\"has-text-align-center\">tam\u00e9n podedes ver un historial da mi\u00f1a actividade cos obradoiros facendo clic <a href=\"http:\/\/luagris.net\/obradoiros\/?page_id=28\">aqu\u00ed<\/a>.<\/p>\n","protected":false},"excerpt":{"rendered":"<p>o meu traballo como coordinador de obradoiros de escrita tomou nome novo e novas compa\u00f1as.ch\u00e1mase tecedeiras e nel traballo con&hellip;<\/p>\n","protected":false},"author":2,"featured_media":0,"parent":0,"menu_order":0,"comment_status":"closed","ping_status":"closed","template":"","meta":{"footnotes":""},"class_list":["post-475","page","type-page","status-publish","hentry"],"jetpack_sharing_enabled":true,"jetpack_shortlink":"https:\/\/wp.me\/P8hfay-7F","_links":{"self":[{"href":"https:\/\/luagris.net\/obradoiros\/index.php?rest_route=\/wp\/v2\/pages\/475","targetHints":{"allow":["GET"]}}],"collection":[{"href":"https:\/\/luagris.net\/obradoiros\/index.php?rest_route=\/wp\/v2\/pages"}],"about":[{"href":"https:\/\/luagris.net\/obradoiros\/index.php?rest_route=\/wp\/v2\/types\/page"}],"author":[{"embeddable":true,"href":"https:\/\/luagris.net\/obradoiros\/index.php?rest_route=\/wp\/v2\/users\/2"}],"replies":[{"embeddable":true,"href":"https:\/\/luagris.net\/obradoiros\/index.php?rest_route=%2Fwp%2Fv2%2Fcomments&post=475"}],"version-history":[{"count":2,"href":"https:\/\/luagris.net\/obradoiros\/index.php?rest_route=\/wp\/v2\/pages\/475\/revisions"}],"predecessor-version":[{"id":477,"href":"https:\/\/luagris.net\/obradoiros\/index.php?rest_route=\/wp\/v2\/pages\/475\/revisions\/477"}],"wp:attachment":[{"href":"https:\/\/luagris.net\/obradoiros\/index.php?rest_route=%2Fwp%2Fv2%2Fmedia&parent=475"}],"curies":[{"name":"wp","href":"https:\/\/api.w.org\/{rel}","templated":true}]}}