{"id":260,"date":"2017-01-05T15:21:23","date_gmt":"2017-01-05T15:21:23","guid":{"rendered":"http:\/\/luagris.net\/obradoiros\/?page_id=260"},"modified":"2017-01-05T15:30:21","modified_gmt":"2017-01-05T15:30:21","slug":"eduardo-estevez","status":"publish","type":"page","link":"https:\/\/luagris.net\/obradoiros\/?page_id=260","title":{"rendered":"Eduardo Est\u00e9vez"},"content":{"rendered":"<p>Ch\u00e1mome Eduardo Est\u00e9vez, son escritor. Comecei a dirixir obradoiros literarios hai moitos anos e, de todas as cousas que fago, \u00e9 unha das que me fan sentir m\u00e1is a gusto.<br \/>\nG\u00fastame pensar que axudei a algunhas persoas a descubrir a poes\u00eda, a abrir o cami\u00f1o dun relato, a darlle forma a un libro.<br \/>\nFormei parte activa do consello editorial de Letras de Cal, unha editorial que publicaba xente nova nos 90 do s\u00e9culo pasado. E desde 2005 coordino o Premio Nacional de Poes\u00eda Xosemar\u00eda P\u00e9rez Parall\u00e9.<br \/>\nEstou, xa que logo, moi vencellado ao traballo das novas voces da literatura galega, nomeadamente \u00e1s da poes\u00eda.<\/p>\n<p>Se queres saber m\u00e1is sobre a mi\u00f1a biograf\u00eda literaria, podes mirar <a href=\"http:\/\/luagris.net\/blog\">o meu blog<\/a>.<br \/>\nSe queres co\u00f1ecer algunhas historias sobre o meu traballo nos obradoiros literarios, mira <a href=\"http:\/\/luagris.net\/obradoiros\/?page_id=72\">aqu\u00ed<\/a>.<\/p>\n<p>Se queres que traballemos xuntos cos teus proxectos literarios, escr\u00edbeme a <strong>correo [arroba] luagris [punto] net<\/strong> e conversamos.<\/p>\n","protected":false},"excerpt":{"rendered":"<p>Ch\u00e1mome Eduardo Est\u00e9vez, son escritor. Comecei a dirixir obradoiros literarios hai moitos anos e, de todas as cousas que fago,&hellip;<\/p>\n","protected":false},"author":2,"featured_media":257,"parent":0,"menu_order":0,"comment_status":"closed","ping_status":"closed","template":"","meta":{"footnotes":""},"class_list":["post-260","page","type-page","status-publish","has-post-thumbnail","hentry"],"jetpack_sharing_enabled":true,"jetpack_shortlink":"https:\/\/wp.me\/P8hfay-4c","_links":{"self":[{"href":"https:\/\/luagris.net\/obradoiros\/index.php?rest_route=\/wp\/v2\/pages\/260","targetHints":{"allow":["GET"]}}],"collection":[{"href":"https:\/\/luagris.net\/obradoiros\/index.php?rest_route=\/wp\/v2\/pages"}],"about":[{"href":"https:\/\/luagris.net\/obradoiros\/index.php?rest_route=\/wp\/v2\/types\/page"}],"author":[{"embeddable":true,"href":"https:\/\/luagris.net\/obradoiros\/index.php?rest_route=\/wp\/v2\/users\/2"}],"replies":[{"embeddable":true,"href":"https:\/\/luagris.net\/obradoiros\/index.php?rest_route=%2Fwp%2Fv2%2Fcomments&post=260"}],"version-history":[{"count":1,"href":"https:\/\/luagris.net\/obradoiros\/index.php?rest_route=\/wp\/v2\/pages\/260\/revisions"}],"predecessor-version":[{"id":261,"href":"https:\/\/luagris.net\/obradoiros\/index.php?rest_route=\/wp\/v2\/pages\/260\/revisions\/261"}],"wp:featuredmedia":[{"embeddable":true,"href":"https:\/\/luagris.net\/obradoiros\/index.php?rest_route=\/wp\/v2\/media\/257"}],"wp:attachment":[{"href":"https:\/\/luagris.net\/obradoiros\/index.php?rest_route=%2Fwp%2Fv2%2Fmedia&parent=260"}],"curies":[{"name":"wp","href":"https:\/\/api.w.org\/{rel}","templated":true}]}}