{"id":155,"date":"2017-01-04T19:45:05","date_gmt":"2017-01-04T19:45:05","guid":{"rendered":"http:\/\/luagris.net\/obradoiros\/?page_id=155"},"modified":"2017-01-09T18:17:37","modified_gmt":"2017-01-09T18:17:37","slug":"na-rede","status":"publish","type":"page","link":"https:\/\/luagris.net\/obradoiros\/?page_id=155","title":{"rendered":"Na rede"},"content":{"rendered":"<p>Aqu\u00ed p\u00f3dense ver os traballos que se fan nos nosos obradoiros m\u00e1is recentes:<\/p>\n<p>&#8211; <a href=\"http:\/\/luagris.net\/obradoiros\/?cat=3\">Obradoiro infantil de lectura e escrita nas Pontes (2016-2017)<\/a><\/p>\n","protected":false},"excerpt":{"rendered":"<p>Aqu\u00ed p\u00f3dense ver os traballos que se fan nos nosos obradoiros m\u00e1is recentes: &#8211; Obradoiro infantil de lectura e escrita&hellip;<\/p>\n","protected":false},"author":2,"featured_media":292,"parent":0,"menu_order":0,"comment_status":"closed","ping_status":"closed","template":"","meta":{"footnotes":""},"class_list":["post-155","page","type-page","status-publish","has-post-thumbnail","hentry"],"jetpack_sharing_enabled":true,"jetpack_shortlink":"https:\/\/wp.me\/P8hfay-2v","_links":{"self":[{"href":"https:\/\/luagris.net\/obradoiros\/index.php?rest_route=\/wp\/v2\/pages\/155","targetHints":{"allow":["GET"]}}],"collection":[{"href":"https:\/\/luagris.net\/obradoiros\/index.php?rest_route=\/wp\/v2\/pages"}],"about":[{"href":"https:\/\/luagris.net\/obradoiros\/index.php?rest_route=\/wp\/v2\/types\/page"}],"author":[{"embeddable":true,"href":"https:\/\/luagris.net\/obradoiros\/index.php?rest_route=\/wp\/v2\/users\/2"}],"replies":[{"embeddable":true,"href":"https:\/\/luagris.net\/obradoiros\/index.php?rest_route=%2Fwp%2Fv2%2Fcomments&post=155"}],"version-history":[{"count":2,"href":"https:\/\/luagris.net\/obradoiros\/index.php?rest_route=\/wp\/v2\/pages\/155\/revisions"}],"predecessor-version":[{"id":187,"href":"https:\/\/luagris.net\/obradoiros\/index.php?rest_route=\/wp\/v2\/pages\/155\/revisions\/187"}],"wp:featuredmedia":[{"embeddable":true,"href":"https:\/\/luagris.net\/obradoiros\/index.php?rest_route=\/wp\/v2\/media\/292"}],"wp:attachment":[{"href":"https:\/\/luagris.net\/obradoiros\/index.php?rest_route=%2Fwp%2Fv2%2Fmedia&parent=155"}],"curies":[{"name":"wp","href":"https:\/\/api.w.org\/{rel}","templated":true}]}}