{"id":85,"date":"2014-03-27T19:23:33","date_gmt":"2014-03-27T19:23:33","guid":{"rendered":"http:\/\/debaleas.blogaliza.org\/?page_id=85"},"modified":"2016-01-02T21:07:56","modified_gmt":"2016-01-02T21:07:56","slug":"magallanes","status":"publish","type":"page","link":"https:\/\/luagris.net\/debaleas\/?page_id=85","title":{"rendered":""},"content":{"rendered":"<p>e o poema sobre magalh\u00e3es<br \/>\nque no empe\u00f1o por arrodear o mundo<br \/>\ne acadar as illas das especias<br \/>\narribou sen sabelo<br \/>\na terra de baleas<\/p>\n<p>ou deber\u00eda dicir<br \/>\nao seu mar<\/p>\n<p>&nbsp;<br \/>\nera inverno \u00e1rido<br \/>\nou acaso non \u00e9 pos\u00edbel<br \/>\nimaxinarlle outros veos<br \/>\na aqueles territorios<\/p>\n<p>&nbsp;<\/p>\n<p>imaxina que cres que o mundo<br \/>\n\u00e9 m\u00e1is extenso do que ditan os mapas<\/p>\n<p>colles un barco<br \/>\nque \u00e9 pequeno<br \/>\nse o comparas co horizonte<\/p>\n<p>cal \u00e9 a dimensi\u00f3n da t\u00faa certeza?<\/p>\n<p>cal o l\u00edmite da ousad\u00eda e do azar?<\/p>\n<p>&nbsp;<\/p>\n<p>imaxina os ollos daquel home pequeno<br \/>\nao chegar \u00e1 araucan\u00eda<\/p>\n<p>toda aquela vastidade erma<\/p>\n<p>&nbsp;<\/p>\n<p>podes supo\u00f1elo<br \/>\ndiante daqueles animais<br \/>\na deambular na enseada inh\u00f3spita<br \/>\ne s\u00faa<br \/>\ne preciosa<\/p>\n<p>&nbsp;<br \/>\npavor ou calma<br \/>\nnacer\u00eda dos seus cantos?<\/p>\n<p>&nbsp;<\/p>\n<p>pero o destino de magalh\u00e3es<br \/>\nera a\u00ednda longo<br \/>\ne resistiu<br \/>\na aquela harmon\u00eda ins\u00f3lita<br \/>\ne continuou viaxe incerta<\/p>\n<p>ou acaso albiscara<br \/>\nante aqueles seres ilimitados<br \/>\na fronteira do seu valor<\/p>\n<p>&nbsp;<\/p>\n<p>partiu<\/p>\n<p>puxo proa m\u00e1is ao sur<br \/>\nna teima do paso procurado<\/p>\n<p>&nbsp;<br \/>\natopouno<br \/>\ne herdoulle o seu nome<\/p>\n<p>e nomeou pac\u00edfico<br \/>\no oc\u00e9ano que hab\u00eda ao cabo<\/p>\n<p>&nbsp;<\/p>\n<p>imax\u00ednate coas forzas no l\u00edmite<br \/>\ndespois de atravesar<br \/>\ntodo o mundo co\u00f1ecido<\/p>\n<p>e ao contornar as marxes<br \/>\ndescubrir outro horizonte<br \/>\na\u00ednda m\u00e1is esgotador<\/p>\n<p>&nbsp;<\/p>\n<p>aquel novo mar enfrontou magalh\u00e3es<\/p>\n<p>e dobregouno tam\u00e9n<\/p>\n<p>pero morreu sen sabelo<\/p>\n<p>&nbsp;<\/p>\n<p>no estrondo da batalla<br \/>\nna lanza que o atravesa<br \/>\nvolveu escoitar<br \/>\no canto das baleas<\/p>\n<p>m\u00fasica de fondo para a m\u00e1goa<br \/>\nde quen morre privado da certeza<br \/>\nde que aquel fose<br \/>\nou non<br \/>\no seu horizonte<\/p>\n<p>&nbsp;<\/p>\n<p>&gt;&gt; <a href=\"http:\/\/luagris.net\/debaleas\/?p=157\">xa case<\/a><br \/>\n&gt;&gt; <a href=\"http:\/\/luagris.net\/debaleas\/?p=150\">magalh\u00e3es resiste<\/a><br \/>\n&gt;&gt; <a href=\"http:\/\/luagris.net\/debaleas\/?p=134\">do papel (magalh\u00e3es 1)<\/a><br \/>\n&gt;&gt; <a href=\"http:\/\/luagris.net\/debaleas\/?p=107\">axustes aqu\u00ed e al\u00e1<\/a><br \/>\n&gt;&gt; <a href=\"http:\/\/luagris.net\/debaleas\/?p=97\">magalh\u00e3es escoita o canto da balea<\/a><br \/>\n&gt;&gt; <a href=\"http:\/\/luagris.net\/debaleas\/?page_id=86\">versi\u00f3n inicial<\/a><\/p>\n","protected":false},"excerpt":{"rendered":"<p>e o poema sobre magalh\u00e3es que no empe\u00f1o por arrodear o mundo e acadar as illas das especias arribou sen sabelo a terra de baleas ou deber\u00eda dicir ao seu mar &nbsp; era inverno \u00e1rido ou acaso non \u00e9 pos\u00edbel imaxinarlle outros veos a aqueles territorios &nbsp; imaxina que cres que o mundo \u00e9 m\u00e1is [&hellip;]<\/p>\n","protected":false},"author":3,"featured_media":0,"parent":7,"menu_order":0,"comment_status":"closed","ping_status":"closed","template":"","meta":{"footnotes":""},"class_list":["post-85","page","type-page","status-publish","hentry"],"_links":{"self":[{"href":"https:\/\/luagris.net\/debaleas\/index.php?rest_route=\/wp\/v2\/pages\/85","targetHints":{"allow":["GET"]}}],"collection":[{"href":"https:\/\/luagris.net\/debaleas\/index.php?rest_route=\/wp\/v2\/pages"}],"about":[{"href":"https:\/\/luagris.net\/debaleas\/index.php?rest_route=\/wp\/v2\/types\/page"}],"author":[{"embeddable":true,"href":"https:\/\/luagris.net\/debaleas\/index.php?rest_route=\/wp\/v2\/users\/3"}],"replies":[{"embeddable":true,"href":"https:\/\/luagris.net\/debaleas\/index.php?rest_route=%2Fwp%2Fv2%2Fcomments&post=85"}],"version-history":[{"count":4,"href":"https:\/\/luagris.net\/debaleas\/index.php?rest_route=\/wp\/v2\/pages\/85\/revisions"}],"predecessor-version":[{"id":270,"href":"https:\/\/luagris.net\/debaleas\/index.php?rest_route=\/wp\/v2\/pages\/85\/revisions\/270"}],"up":[{"embeddable":true,"href":"https:\/\/luagris.net\/debaleas\/index.php?rest_route=\/wp\/v2\/pages\/7"}],"wp:attachment":[{"href":"https:\/\/luagris.net\/debaleas\/index.php?rest_route=%2Fwp%2Fv2%2Fmedia&parent=85"}],"curies":[{"name":"wp","href":"https:\/\/api.w.org\/{rel}","templated":true}]}}