{"id":7,"date":"2014-03-15T16:48:19","date_gmt":"2014-03-15T16:48:19","guid":{"rendered":"http:\/\/debaleas.blogaliza.org\/?page_id=2"},"modified":"2016-01-18T08:20:35","modified_gmt":"2016-01-18T08:20:35","slug":"textos","status":"publish","type":"page","link":"https:\/\/luagris.net\/debaleas\/?page_id=7","title":{"rendered":""},"content":{"rendered":"<p>estes son os textos que conforman o libro. vir\u00e1n novos e outros han marchar e, con certeza, nalg\u00fan momento han cambiar de orde.<br \/>\nos t\u00edtulos son, polo de agora, a modo orientativo para reco\u00f1ecer os poemas. na versi\u00f3n final conservaranse (ou non).<\/p>\n<ul>\n<li><a href=\"http:\/\/luagris.net\/debaleas\/?page_id=11\">ulises<\/a><\/li>\n<li><a href=\"http:\/\/luagris.net\/debaleas\/?page_id=12\">juan<\/a><\/li>\n<li><a href=\"http:\/\/luagris.net\/debaleas\/?page_id=13\">navegar a car\u00f3n dunha balea<\/a><\/li>\n<li><a href=\"http:\/\/luagris.net\/debaleas\/?page_id=14\">varadura<\/a><\/li>\n<li><a href=\"http:\/\/luagris.net\/debaleas\/?page_id=15\"><span style=\"text-decoration: line-through;\">encerro<\/span>\u00a0fuxidas<\/a><\/li>\n<li><a href=\"http:\/\/luagris.net\/debaleas\/?page_id=137\">a n\u00e9boa<\/a><\/li>\n<li><a href=\"http:\/\/luagris.net\/debaleas\/?page_id=21\">juancito caminador<\/a><\/li>\n<li><a href=\"http:\/\/luagris.net\/debaleas\/?page_id=22\"><span style=\"text-decoration: line-through;\">vacas<\/span><\/a><\/li>\n<li><a href=\"http:\/\/luagris.net\/debaleas\/?page_id=23\">enumerar motivos para debuxar unha balea<\/a><\/li>\n<li><a href=\"http:\/\/luagris.net\/debaleas\/?page_id=24\"><span style=\"text-decoration: line-through;\">sereas<\/span><\/a><\/li>\n<li><a href=\"http:\/\/luagris.net\/debaleas\/?page_id=25\"><span style=\"text-decoration: line-through;\">o que regresa da marea<\/span><\/a><\/li>\n<li><a href=\"http:\/\/luagris.net\/debaleas\/?page_id=26\">vense baleas no horizonte do mar de vigo<\/a><\/li>\n<li><a href=\"http:\/\/luagris.net\/debaleas\/?page_id=279\">os so\u00f1os de tu\u00f1\u00f3n<\/a><\/li>\n<li><a href=\"http:\/\/luagris.net\/debaleas\/?page_id=119\"><em>clavel del aire<\/em><\/a><\/li>\n<li><a href=\"http:\/\/luagris.net\/debaleas\/?page_id=140\">epitafios<\/a><\/li>\n<li><a href=\"http:\/\/luagris.net\/debaleas\/?page_id=85\">magall\u00e3es<\/a><\/li>\n<\/ul>\n<p>dous poemas nas orixes<\/p>\n<ul>\n<li><a href=\"http:\/\/luagris.net\/debaleas\/?page_id=9\">hai festa<\/a><\/li>\n<li><a href=\"http:\/\/luagris.net\/debaleas\/?page_id=10\">no mu\u00ed\u00f1o<\/a><\/li>\n<\/ul>\n<p>&nbsp;<\/p>\n","protected":false},"excerpt":{"rendered":"<p>estes son os textos que conforman o libro. vir\u00e1n novos e outros han marchar e, con certeza, nalg\u00fan momento han cambiar de orde. os t\u00edtulos son, polo de agora, a modo orientativo para reco\u00f1ecer os poemas. na versi\u00f3n final conservaranse (ou non). ulises juan navegar a car\u00f3n dunha balea varadura encerro\u00a0fuxidas a n\u00e9boa juancito caminador [&hellip;]<\/p>\n","protected":false},"author":3,"featured_media":0,"parent":0,"menu_order":1,"comment_status":"closed","ping_status":"closed","template":"","meta":{"footnotes":""},"class_list":["post-7","page","type-page","status-publish","hentry"],"_links":{"self":[{"href":"https:\/\/luagris.net\/debaleas\/index.php?rest_route=\/wp\/v2\/pages\/7","targetHints":{"allow":["GET"]}}],"collection":[{"href":"https:\/\/luagris.net\/debaleas\/index.php?rest_route=\/wp\/v2\/pages"}],"about":[{"href":"https:\/\/luagris.net\/debaleas\/index.php?rest_route=\/wp\/v2\/types\/page"}],"author":[{"embeddable":true,"href":"https:\/\/luagris.net\/debaleas\/index.php?rest_route=\/wp\/v2\/users\/3"}],"replies":[{"embeddable":true,"href":"https:\/\/luagris.net\/debaleas\/index.php?rest_route=%2Fwp%2Fv2%2Fcomments&post=7"}],"version-history":[{"count":5,"href":"https:\/\/luagris.net\/debaleas\/index.php?rest_route=\/wp\/v2\/pages\/7\/revisions"}],"predecessor-version":[{"id":288,"href":"https:\/\/luagris.net\/debaleas\/index.php?rest_route=\/wp\/v2\/pages\/7\/revisions\/288"}],"wp:attachment":[{"href":"https:\/\/luagris.net\/debaleas\/index.php?rest_route=%2Fwp%2Fv2%2Fmedia&parent=7"}],"curies":[{"name":"wp","href":"https:\/\/api.w.org\/{rel}","templated":true}]}}