{"id":56,"date":"2014-03-16T15:55:19","date_gmt":"2014-03-16T15:55:19","guid":{"rendered":"http:\/\/debaleas.blogaliza.org\/?page_id=56"},"modified":"2014-03-16T15:55:19","modified_gmt":"2014-03-16T15:55:19","slug":"sereas-inicial","status":"publish","type":"page","link":"https:\/\/luagris.net\/debaleas\/?page_id=56","title":{"rendered":""},"content":{"rendered":"<p>navegar infinitamente detr\u00e1s do canto das sereas<br \/>\nou esmorecer en terra co canto das sereas prendido no max\u00edn<\/p>\n<p>(<a href=\"http:\/\/debaleas.blogaliza.org\/textos\/sereas\/\">ir \u00e1 versi\u00f3n actual<\/a>)<\/p>\n","protected":false},"excerpt":{"rendered":"<p>navegar infinitamente detr\u00e1s do canto das sereas ou esmorecer en terra co canto das sereas prendido no max\u00edn (ir \u00e1 versi\u00f3n actual)<\/p>\n","protected":false},"author":3,"featured_media":0,"parent":7,"menu_order":111,"comment_status":"closed","ping_status":"closed","template":"","meta":{"footnotes":""},"class_list":["post-56","page","type-page","status-publish","hentry"],"_links":{"self":[{"href":"https:\/\/luagris.net\/debaleas\/index.php?rest_route=\/wp\/v2\/pages\/56","targetHints":{"allow":["GET"]}}],"collection":[{"href":"https:\/\/luagris.net\/debaleas\/index.php?rest_route=\/wp\/v2\/pages"}],"about":[{"href":"https:\/\/luagris.net\/debaleas\/index.php?rest_route=\/wp\/v2\/types\/page"}],"author":[{"embeddable":true,"href":"https:\/\/luagris.net\/debaleas\/index.php?rest_route=\/wp\/v2\/users\/3"}],"replies":[{"embeddable":true,"href":"https:\/\/luagris.net\/debaleas\/index.php?rest_route=%2Fwp%2Fv2%2Fcomments&post=56"}],"version-history":[{"count":0,"href":"https:\/\/luagris.net\/debaleas\/index.php?rest_route=\/wp\/v2\/pages\/56\/revisions"}],"up":[{"embeddable":true,"href":"https:\/\/luagris.net\/debaleas\/index.php?rest_route=\/wp\/v2\/pages\/7"}],"wp:attachment":[{"href":"https:\/\/luagris.net\/debaleas\/index.php?rest_route=%2Fwp%2Fv2%2Fmedia&parent=56"}],"curies":[{"name":"wp","href":"https:\/\/api.w.org\/{rel}","templated":true}]}}