{"id":45,"date":"2014-03-16T15:23:56","date_gmt":"2014-03-16T15:23:56","guid":{"rendered":"http:\/\/debaleas.blogaliza.org\/?page_id=45"},"modified":"2014-03-16T15:23:56","modified_gmt":"2014-03-16T15:23:56","slug":"encerro-inicial","status":"publish","type":"page","link":"https:\/\/luagris.net\/debaleas\/?page_id=45","title":{"rendered":""},"content":{"rendered":"<p>algu\u00e9n encerrado nun c\u00e1rcere \/ ou hospital psiqui\u00e1trico \/ pensa nunha balea como unha cuncha \/ escura \/ na que atravesar o mundo \/\/ desde dentro non se ve \/ a paisaxe o tempo \/ a espallarse sen \/ l\u00edmite \/\/ \u00e9 unha viaxe sen desacougo \/ ademais \/ \u00e9 unha viaxe imaxinaria \/\/ xa que logo \/ non fai falta \/ imaxinarlle un desacougo \/\/<br \/>\ns\u00f3 unha cuncha \/ escura e morna \/ coas paredes de \/ papel para ir pintando o itinerario<br \/>\npercorrer cos dedos \/ os muros rugosos \/\/ describir a tentas \/ unha paisaxe larga \/ e o cami\u00f1o que a atravesa<br \/>\nandar cos pes gastados \/ e ver como o corpo vai ench\u00e9ndose \/ co po da estrada<br \/>\nescapar dun c\u00e1rcere \/ ten a cor das estradas \/ das pel\u00edculas americanas \/\/ ocre e sol \/ area e o brillo \/ no reflexo dun coche \/ que pasa a toda velocidade \/ como se existise o tempo \/ para saber a dimensi\u00f3n do horizonte<br \/>\nfuxir dun \/ hospital psiqui\u00e1trico \/ \u00e9 m\u00e1is doado \/\/ require \u00fanicamente \/ a balea o tigre \/\/ e navegar \/ a pulso a car\u00f3n dunha balea \/ ou gadoupar sabana<br \/>\nen calquera caso \/ a paisaxe ten sol \/ e o ceo \u00e9 limpo \/ porque o azul \/ \u00e9 unha met\u00e1fora da met\u00e1fora do infinito<\/p>\n<p>(<a href=\"http:\/\/debaleas.blogaliza.org\/encerro\/\">ir \u00e1 versi\u00f3n actual<\/a>)<\/p>\n","protected":false},"excerpt":{"rendered":"<p>algu\u00e9n encerrado nun c\u00e1rcere \/ ou hospital psiqui\u00e1trico \/ pensa nunha balea como unha cuncha \/ escura \/ na que atravesar o mundo \/\/ desde dentro non se ve \/ a paisaxe o tempo \/ a espallarse sen \/ l\u00edmite \/\/ \u00e9 unha viaxe sen desacougo \/ ademais \/ \u00e9 unha viaxe imaxinaria \/\/ xa [&hellip;]<\/p>\n","protected":false},"author":3,"featured_media":0,"parent":7,"menu_order":107,"comment_status":"closed","ping_status":"closed","template":"","meta":{"footnotes":""},"class_list":["post-45","page","type-page","status-publish","hentry"],"_links":{"self":[{"href":"https:\/\/luagris.net\/debaleas\/index.php?rest_route=\/wp\/v2\/pages\/45","targetHints":{"allow":["GET"]}}],"collection":[{"href":"https:\/\/luagris.net\/debaleas\/index.php?rest_route=\/wp\/v2\/pages"}],"about":[{"href":"https:\/\/luagris.net\/debaleas\/index.php?rest_route=\/wp\/v2\/types\/page"}],"author":[{"embeddable":true,"href":"https:\/\/luagris.net\/debaleas\/index.php?rest_route=\/wp\/v2\/users\/3"}],"replies":[{"embeddable":true,"href":"https:\/\/luagris.net\/debaleas\/index.php?rest_route=%2Fwp%2Fv2%2Fcomments&post=45"}],"version-history":[{"count":0,"href":"https:\/\/luagris.net\/debaleas\/index.php?rest_route=\/wp\/v2\/pages\/45\/revisions"}],"up":[{"embeddable":true,"href":"https:\/\/luagris.net\/debaleas\/index.php?rest_route=\/wp\/v2\/pages\/7"}],"wp:attachment":[{"href":"https:\/\/luagris.net\/debaleas\/index.php?rest_route=%2Fwp%2Fv2%2Fmedia&parent=45"}],"curies":[{"name":"wp","href":"https:\/\/api.w.org\/{rel}","templated":true}]}}