{"id":38,"date":"2014-03-16T15:03:20","date_gmt":"2014-03-16T15:03:20","guid":{"rendered":"http:\/\/debaleas.blogaliza.org\/?page_id=38"},"modified":"2016-01-18T08:20:05","modified_gmt":"2016-01-18T08:20:05","slug":"ulises-inicial","status":"publish","type":"page","link":"https:\/\/luagris.net\/debaleas\/?page_id=38","title":{"rendered":""},"content":{"rendered":"<p>cando regresaba ulises dos restos calcinados de troia \/ foi tentado por sereas \/ atacado por c\u00edclopes \/<\/p>\n<p>pero por ningunha \/ destas criaturas foi vencido \/\/<br \/>\npero non o venceu ningunha \/ destas criaturas<\/p>\n<p>a primeira soluci\u00f3n \u00e9 \/ de gelman<br \/>\na segunda \u00e9 \/ m\u00e1is prosaica \/ e mi\u00f1a<\/p>\n<p>navegou ulises con afouteza ou valor \/<br \/>\nnavegaron \/ el e os seus compa\u00f1eiros \/ todos os mares \/<\/p>\n<p>cando finalmente \/ decidiu encami\u00f1arse cara a pen\u00e9lope \/<\/p>\n<p>tornar \u00e1 india \/ dir\u00eda gelman do franc\u00e9s aim\u00e9 bonpland<\/p>\n<p>cando colleu \/ ulises \/ cami\u00f1o \u00e1 illa de seu \/ ao lar \/ para deixarse morrer \/ nese seu acubillo \/<br \/>\na\u00ednda que nunca se sabe se son de un \/ as cousas que deixamos atr\u00e1s hai mil anos<\/p>\n<p>nese seu derradeiro \/ cami\u00f1o \/ atopou a balea \/ e tras dela marchou \/<\/p>\n<p>puxo os ollos \/ no ronsel que o seu canto \/ dese\u00f1aba nas ondas \/<br \/>\ne navegou outros mares \/ e esqueceu a pen\u00e9lope \/<\/p>\n<p>(bonpland non esqueceu nunca \/ as flores no colo de nunu \/ a india na boca do orinoco)<\/p>\n<p>e pen\u00e9lope tornou \/ a\u00ednda m\u00e1is anci\u00e1 \/ se isto \u00e9 pos\u00edbel \/<br \/>\ne tam\u00e9n morreu \/ e morreu ulises vagabundo \/ solitario \/<\/p>\n<p>(porque o canto da balea \/ d\u00e1 aos vivos s\u00f3 \/ acubillos provisionais \/<br \/>\ne a balea \u00e9 libre \/ e tal como chegou marchou \/ e deixou a ulises \/ extraviado para sempre)<\/p>\n<p>e no seu \/ vagar sen norte \/ tivo tempo \/ de agradecerlle a \u00edtaca a viaxe \/<br \/>\ndesde lonxe \/ como mandara o poeta alexandrino \/\/<\/p>\n<p>porque as baleas viven \/ a\u00ednda m\u00e1is eternamente \/ que os poemas<\/p>\n<p>(<a href=\"http:\/\/debaleas.blogaliza.org\/textos\/ulises\/\">ir \u00e1 versi\u00f3n actual<\/a>)<\/p>\n","protected":false},"excerpt":{"rendered":"<p>cando regresaba ulises dos restos calcinados de troia \/ foi tentado por sereas \/ atacado por c\u00edclopes \/ pero por ningunha \/ destas criaturas foi vencido \/\/ pero non o venceu ningunha \/ destas criaturas a primeira soluci\u00f3n \u00e9 \/ de gelman a segunda \u00e9 \/ m\u00e1is prosaica \/ e mi\u00f1a navegou ulises con afouteza [&hellip;]<\/p>\n","protected":false},"author":3,"featured_media":0,"parent":7,"menu_order":102,"comment_status":"closed","ping_status":"closed","template":"","meta":{"footnotes":""},"class_list":["post-38","page","type-page","status-publish","hentry"],"_links":{"self":[{"href":"https:\/\/luagris.net\/debaleas\/index.php?rest_route=\/wp\/v2\/pages\/38","targetHints":{"allow":["GET"]}}],"collection":[{"href":"https:\/\/luagris.net\/debaleas\/index.php?rest_route=\/wp\/v2\/pages"}],"about":[{"href":"https:\/\/luagris.net\/debaleas\/index.php?rest_route=\/wp\/v2\/types\/page"}],"author":[{"embeddable":true,"href":"https:\/\/luagris.net\/debaleas\/index.php?rest_route=\/wp\/v2\/users\/3"}],"replies":[{"embeddable":true,"href":"https:\/\/luagris.net\/debaleas\/index.php?rest_route=%2Fwp%2Fv2%2Fcomments&post=38"}],"version-history":[{"count":2,"href":"https:\/\/luagris.net\/debaleas\/index.php?rest_route=\/wp\/v2\/pages\/38\/revisions"}],"predecessor-version":[{"id":285,"href":"https:\/\/luagris.net\/debaleas\/index.php?rest_route=\/wp\/v2\/pages\/38\/revisions\/285"}],"up":[{"embeddable":true,"href":"https:\/\/luagris.net\/debaleas\/index.php?rest_route=\/wp\/v2\/pages\/7"}],"wp:attachment":[{"href":"https:\/\/luagris.net\/debaleas\/index.php?rest_route=%2Fwp%2Fv2%2Fmedia&parent=38"}],"curies":[{"name":"wp","href":"https:\/\/api.w.org\/{rel}","templated":true}]}}