{"id":296,"date":"2016-03-24T11:05:17","date_gmt":"2016-03-24T11:05:17","guid":{"rendered":"http:\/\/luagris.net\/debaleas\/?page_id=296"},"modified":"2016-03-24T11:05:17","modified_gmt":"2016-03-24T11:05:17","slug":"296-2","status":"publish","type":"page","link":"https:\/\/luagris.net\/debaleas\/?page_id=296","title":{"rendered":""},"content":{"rendered":"<p>os so\u00f1os de tu\u00f1\u00f3n (versi\u00f3n do 18\/01\/2016)<\/p>\n<p>sobre a mesa dun bar<br \/>\nen boedo montmartre ou lavapi\u00e9s<\/p>\n<blockquote><p>(que \u00e9 como dicir<br \/>\nen calquera lugar ou recordo)<\/p><\/blockquote>\n<p>o poeta ra\u00fal<br \/>\ngonz\u00e1lez tu\u00f1\u00f3n espalla<br \/>\nfotogramas dunha infancia en barracas<\/p>\n<p>&nbsp;<\/p>\n<p>eu non sei se \u00e9 barracas<br \/>\nou calquera outro pa\u00eds<br \/>\na s\u00faa cuna<\/p>\n<p>&nbsp;<\/p>\n<p>na pel\u00edcula hai r\u00faas anegadas <\/p>\n<blockquote><p>(no so\u00f1o t\u00f3rnase venecia)<\/p><\/blockquote>\n<p>e ch\u00e1mase noia ou fisterra<\/p>\n<p>&nbsp;<\/p>\n<p>pero \u00e9 pos\u00edbel que o poeta confunda<br \/>\nhistorias de seu pai<br \/>\nou as ficci\u00f3ns doutra nostalxia<\/p>\n<p>&nbsp;<\/p>\n<p>o relato \u00e9 en branco e negro<br \/>\ne ten barcos nas r\u00faas<br \/>\ne os nenos chapuzan e corren na auga e rin<\/p>\n<p>&nbsp;<\/p>\n<p>ou acaso un porto baleeiro<br \/>\ne cad\u00e1veres de cachalotes<\/p>\n<p>&nbsp;<\/p>\n<p>a barracas non chegou nunca unha balea<br \/>\nnunca navegou unha balea<br \/>\npolo r\u00edo que discorre diante da noria<\/p>\n<p>e a noria xa non xira<br \/>\ne os cabalos de madeira non te\u00f1en nenos tristes<\/p>\n<p>&nbsp;<\/p>\n<p>resoa a pianola no empedrado<br \/>\no da memoria do poeta<\/p>\n<p>a chuvia repenica sobre a inundaci\u00f3n<br \/>\nesl\u00fae a memoria<br \/>\n&nbsp;<\/p>\n<p>&gt;&gt; <a href=\"http:\/\/luagris.net\/debaleas\/?p=283\">os so\u00f1os de tu\u00f1\u00f3n<\/a><br \/>\n&gt;&gt; <a href=\"http:\/\/luagris.net\/debaleas\/?p=281\">versi\u00f3n inicial<\/a><\/p>\n","protected":false},"excerpt":{"rendered":"<p>os so\u00f1os de tu\u00f1\u00f3n (versi\u00f3n do 18\/01\/2016) sobre a mesa dun bar en boedo montmartre ou lavapi\u00e9s (que \u00e9 como dicir en calquera lugar ou recordo) o poeta ra\u00fal gonz\u00e1lez tu\u00f1\u00f3n espalla fotogramas dunha infancia en barracas &nbsp; eu non sei se \u00e9 barracas ou calquera outro pa\u00eds a s\u00faa cuna &nbsp; na pel\u00edcula hai [&hellip;]<\/p>\n","protected":false},"author":3,"featured_media":0,"parent":0,"menu_order":0,"comment_status":"closed","ping_status":"closed","template":"","meta":{"footnotes":""},"class_list":["post-296","page","type-page","status-publish","hentry"],"_links":{"self":[{"href":"https:\/\/luagris.net\/debaleas\/index.php?rest_route=\/wp\/v2\/pages\/296","targetHints":{"allow":["GET"]}}],"collection":[{"href":"https:\/\/luagris.net\/debaleas\/index.php?rest_route=\/wp\/v2\/pages"}],"about":[{"href":"https:\/\/luagris.net\/debaleas\/index.php?rest_route=\/wp\/v2\/types\/page"}],"author":[{"embeddable":true,"href":"https:\/\/luagris.net\/debaleas\/index.php?rest_route=\/wp\/v2\/users\/3"}],"replies":[{"embeddable":true,"href":"https:\/\/luagris.net\/debaleas\/index.php?rest_route=%2Fwp%2Fv2%2Fcomments&post=296"}],"version-history":[{"count":1,"href":"https:\/\/luagris.net\/debaleas\/index.php?rest_route=\/wp\/v2\/pages\/296\/revisions"}],"predecessor-version":[{"id":297,"href":"https:\/\/luagris.net\/debaleas\/index.php?rest_route=\/wp\/v2\/pages\/296\/revisions\/297"}],"wp:attachment":[{"href":"https:\/\/luagris.net\/debaleas\/index.php?rest_route=%2Fwp%2Fv2%2Fmedia&parent=296"}],"curies":[{"name":"wp","href":"https:\/\/api.w.org\/{rel}","templated":true}]}}