{"id":27,"date":"2014-03-15T21:23:05","date_gmt":"2014-03-15T21:23:05","guid":{"rendered":"http:\/\/debaleas.blogaliza.org\/?page_id=20"},"modified":"2014-03-15T21:23:05","modified_gmt":"2014-03-15T21:23:05","slug":"adicatoria","status":"publish","type":"page","link":"https:\/\/luagris.net\/debaleas\/?page_id=27","title":{"rendered":""},"content":{"rendered":"<p>ning\u00fan libro de baleas pode existir na nosa poes\u00eda sen lu\u00edsa castro e estevo creus<br \/>\nagrad\u00e9zolles, pois, por permitirme facer este<\/p>\n<p>tam\u00e9n a celso fern\u00e1ndez sanmart\u00edn que unha noite por unha estrada da costa da morte agasalloume unha balea<\/p>\n<p>e a mi\u00f1a nai, a jorge e a nico que me levaron un d\u00eda a navegar entre baleas <\/p>\n","protected":false},"excerpt":{"rendered":"<p>ning\u00fan libro de baleas pode existir na nosa poes\u00eda sen lu\u00edsa castro e estevo creus agrad\u00e9zolles, pois, por permitirme facer este tam\u00e9n a celso fern\u00e1ndez sanmart\u00edn que unha noite por unha estrada da costa da morte agasalloume unha balea e a mi\u00f1a nai, a jorge e a nico que me levaron un d\u00eda a navegar [&hellip;]<\/p>\n","protected":false},"author":3,"featured_media":0,"parent":0,"menu_order":3,"comment_status":"closed","ping_status":"closed","template":"","meta":{"footnotes":""},"class_list":["post-27","page","type-page","status-publish","hentry"],"_links":{"self":[{"href":"https:\/\/luagris.net\/debaleas\/index.php?rest_route=\/wp\/v2\/pages\/27","targetHints":{"allow":["GET"]}}],"collection":[{"href":"https:\/\/luagris.net\/debaleas\/index.php?rest_route=\/wp\/v2\/pages"}],"about":[{"href":"https:\/\/luagris.net\/debaleas\/index.php?rest_route=\/wp\/v2\/types\/page"}],"author":[{"embeddable":true,"href":"https:\/\/luagris.net\/debaleas\/index.php?rest_route=\/wp\/v2\/users\/3"}],"replies":[{"embeddable":true,"href":"https:\/\/luagris.net\/debaleas\/index.php?rest_route=%2Fwp%2Fv2%2Fcomments&post=27"}],"version-history":[{"count":0,"href":"https:\/\/luagris.net\/debaleas\/index.php?rest_route=\/wp\/v2\/pages\/27\/revisions"}],"wp:attachment":[{"href":"https:\/\/luagris.net\/debaleas\/index.php?rest_route=%2Fwp%2Fv2%2Fmedia&parent=27"}],"curies":[{"name":"wp","href":"https:\/\/api.w.org\/{rel}","templated":true}]}}