{"id":24,"date":"2014-03-15T21:16:18","date_gmt":"2014-03-15T21:16:18","guid":{"rendered":"http:\/\/debaleas.blogaliza.org\/?page_id=17"},"modified":"2015-12-30T15:54:08","modified_gmt":"2015-12-30T15:54:08","slug":"sereas","status":"publish","type":"page","link":"https:\/\/luagris.net\/debaleas\/?page_id=24","title":{"rendered":""},"content":{"rendered":"<p>navegar infinitamente detr\u00e1s do canto das sereas<br \/>\nou esmorecer en terra co canto das sereas prendido no max\u00edn<\/p>\n<p>&gt;&gt; <a href=\"http:\/\/luagris.net\/debaleas\/?page_id=56\">versi\u00f3n inicial<\/a><\/p>\n","protected":false},"excerpt":{"rendered":"<p>navegar infinitamente detr\u00e1s do canto das sereas ou esmorecer en terra co canto das sereas prendido no max\u00edn &gt;&gt; versi\u00f3n inicial<\/p>\n","protected":false},"author":3,"featured_media":0,"parent":7,"menu_order":11,"comment_status":"closed","ping_status":"closed","template":"","meta":{"footnotes":""},"class_list":["post-24","page","type-page","status-publish","hentry"],"_links":{"self":[{"href":"https:\/\/luagris.net\/debaleas\/index.php?rest_route=\/wp\/v2\/pages\/24","targetHints":{"allow":["GET"]}}],"collection":[{"href":"https:\/\/luagris.net\/debaleas\/index.php?rest_route=\/wp\/v2\/pages"}],"about":[{"href":"https:\/\/luagris.net\/debaleas\/index.php?rest_route=\/wp\/v2\/types\/page"}],"author":[{"embeddable":true,"href":"https:\/\/luagris.net\/debaleas\/index.php?rest_route=\/wp\/v2\/users\/3"}],"replies":[{"embeddable":true,"href":"https:\/\/luagris.net\/debaleas\/index.php?rest_route=%2Fwp%2Fv2%2Fcomments&post=24"}],"version-history":[{"count":1,"href":"https:\/\/luagris.net\/debaleas\/index.php?rest_route=\/wp\/v2\/pages\/24\/revisions"}],"predecessor-version":[{"id":191,"href":"https:\/\/luagris.net\/debaleas\/index.php?rest_route=\/wp\/v2\/pages\/24\/revisions\/191"}],"up":[{"embeddable":true,"href":"https:\/\/luagris.net\/debaleas\/index.php?rest_route=\/wp\/v2\/pages\/7"}],"wp:attachment":[{"href":"https:\/\/luagris.net\/debaleas\/index.php?rest_route=%2Fwp%2Fv2%2Fmedia&parent=24"}],"curies":[{"name":"wp","href":"https:\/\/api.w.org\/{rel}","templated":true}]}}