{"id":22,"date":"2014-03-15T21:14:08","date_gmt":"2014-03-15T21:14:08","guid":{"rendered":"http:\/\/debaleas.blogaliza.org\/?page_id=15"},"modified":"2015-12-30T15:54:45","modified_gmt":"2015-12-30T15:54:45","slug":"vacas","status":"publish","type":"page","link":"https:\/\/luagris.net\/debaleas\/?page_id=22","title":{"rendered":""},"content":{"rendered":"<p>o bruar dunha vaca a interromper a ma\u00f1anci\u00f1a<br \/>\nou o son dos ax\u00f3uxeres na noite pecha<br \/>\nson o canto da balea nos vales fondos<\/p>\n<p>&gt;&gt; <a href=\"http:\/\/luagris.net\/debaleas\/?page_id=52\">versi\u00f3n inicial<\/a><\/p>\n","protected":false},"excerpt":{"rendered":"<p>o bruar dunha vaca a interromper a ma\u00f1anci\u00f1a ou o son dos ax\u00f3uxeres na noite pecha son o canto da balea nos vales fondos &gt;&gt; versi\u00f3n inicial<\/p>\n","protected":false},"author":3,"featured_media":0,"parent":7,"menu_order":9,"comment_status":"closed","ping_status":"closed","template":"","meta":{"footnotes":""},"class_list":["post-22","page","type-page","status-publish","hentry"],"_links":{"self":[{"href":"https:\/\/luagris.net\/debaleas\/index.php?rest_route=\/wp\/v2\/pages\/22","targetHints":{"allow":["GET"]}}],"collection":[{"href":"https:\/\/luagris.net\/debaleas\/index.php?rest_route=\/wp\/v2\/pages"}],"about":[{"href":"https:\/\/luagris.net\/debaleas\/index.php?rest_route=\/wp\/v2\/types\/page"}],"author":[{"embeddable":true,"href":"https:\/\/luagris.net\/debaleas\/index.php?rest_route=\/wp\/v2\/users\/3"}],"replies":[{"embeddable":true,"href":"https:\/\/luagris.net\/debaleas\/index.php?rest_route=%2Fwp%2Fv2%2Fcomments&post=22"}],"version-history":[{"count":1,"href":"https:\/\/luagris.net\/debaleas\/index.php?rest_route=\/wp\/v2\/pages\/22\/revisions"}],"predecessor-version":[{"id":193,"href":"https:\/\/luagris.net\/debaleas\/index.php?rest_route=\/wp\/v2\/pages\/22\/revisions\/193"}],"up":[{"embeddable":true,"href":"https:\/\/luagris.net\/debaleas\/index.php?rest_route=\/wp\/v2\/pages\/7"}],"wp:attachment":[{"href":"https:\/\/luagris.net\/debaleas\/index.php?rest_route=%2Fwp%2Fv2%2Fmedia&parent=22"}],"curies":[{"name":"wp","href":"https:\/\/api.w.org\/{rel}","templated":true}]}}