{"id":15,"date":"2014-03-15T21:12:27","date_gmt":"2014-03-15T21:12:27","guid":{"rendered":"http:\/\/debaleas.blogaliza.org\/?page_id=13"},"modified":"2016-01-02T20:43:03","modified_gmt":"2016-01-02T20:43:03","slug":"encerro","status":"publish","type":"page","link":"https:\/\/luagris.net\/debaleas\/?page_id=15","title":{"rendered":""},"content":{"rendered":"<p><em>fuxir ao lombo da balea<\/em><\/p>\n<p>&nbsp;<br \/>\na estratexia consiste<br \/>\nen imaxinar a inquietude<br \/>\na cada dobra do itinerario<\/p>\n<blockquote><p>cada prega da paisaxe<\/p><\/blockquote>\n<p>&nbsp;<\/p>\n<blockquote><p><u>primeira fuxida<\/u><\/p><\/blockquote>\n<p>se c\u00f3mpre escapar<br \/>\ndun c\u00e1rcere s\u00f3rdido<br \/>\na balea ten a cor das estradas<br \/>\nnas pel\u00edculas americanas<\/p>\n<p>ocre e sol<br \/>\narea e o brillo no reflexo dun coche<br \/>\nque pasa a toda velocidade<\/p>\n<blockquote><p>como se existise o tempo<br \/>\nalgunha dimensi\u00f3n do horizonte<\/p><\/blockquote>\n<p>&nbsp;<\/p>\n<blockquote><p><u>segunda fuxida<\/u><\/p><\/blockquote>\n<p>se dun hospital psiqui\u00e1trico<br \/>\ntanto ten se \u00e9 balea<br \/>\nou tigre<\/p>\n<blockquote><p>navegar a pulso ao seu car\u00f3n<\/p>\n<p>atravesar a sabana<br \/>\ncoa urxencia da fame<\/p><\/blockquote>\n<p>&nbsp;<\/p>\n<p>&nbsp;<\/p>\n<p>&gt;&gt; <a href=\"http:\/\/luagris.net\/debaleas\/?p=145\">(pen)\u00faltima oportunidade<\/a><br \/>\n&gt;&gt; <a href=\"http:\/\/luagris.net\/debaleas\/?p=144\">revisar ou retirar?<\/a><br \/>\n&gt;&gt; <a href=\"http:\/\/luagris.net\/debaleas\/?p=128\">do papel (fuxida 1)<\/a><br \/>\n&gt;&gt; <a href=\"http:\/\/luagris.net\/debaleas\/?p=112\">un m\u00fasico, unha viaxe<\/a><br \/>\n&gt;&gt; <a href=\"http:\/\/luagris.net\/debaleas\/?p=107\">axustes aqu\u00ed e al\u00e1<\/a><br \/>\n&gt;&gt; <a href=\"http:\/\/luagris.net\/debaleas\/?p=104\">fuxir dentro dunha balea<\/a><br \/>\n&gt;&gt; <a href=\"http:\/\/luagris.net\/debaleas\/?page_id=45\">versi\u00f3n inicial<\/a><\/p>\n","protected":false},"excerpt":{"rendered":"<p>fuxir ao lombo da balea &nbsp; a estratexia consiste en imaxinar a inquietude a cada dobra do itinerario cada prega da paisaxe &nbsp; primeira fuxida se c\u00f3mpre escapar dun c\u00e1rcere s\u00f3rdido a balea ten a cor das estradas nas pel\u00edculas americanas ocre e sol area e o brillo no reflexo dun coche que pasa a [&hellip;]<\/p>\n","protected":false},"author":3,"featured_media":0,"parent":7,"menu_order":7,"comment_status":"closed","ping_status":"closed","template":"","meta":{"footnotes":""},"class_list":["post-15","page","type-page","status-publish","hentry"],"_links":{"self":[{"href":"https:\/\/luagris.net\/debaleas\/index.php?rest_route=\/wp\/v2\/pages\/15","targetHints":{"allow":["GET"]}}],"collection":[{"href":"https:\/\/luagris.net\/debaleas\/index.php?rest_route=\/wp\/v2\/pages"}],"about":[{"href":"https:\/\/luagris.net\/debaleas\/index.php?rest_route=\/wp\/v2\/types\/page"}],"author":[{"embeddable":true,"href":"https:\/\/luagris.net\/debaleas\/index.php?rest_route=\/wp\/v2\/users\/3"}],"replies":[{"embeddable":true,"href":"https:\/\/luagris.net\/debaleas\/index.php?rest_route=%2Fwp%2Fv2%2Fcomments&post=15"}],"version-history":[{"count":4,"href":"https:\/\/luagris.net\/debaleas\/index.php?rest_route=\/wp\/v2\/pages\/15\/revisions"}],"predecessor-version":[{"id":261,"href":"https:\/\/luagris.net\/debaleas\/index.php?rest_route=\/wp\/v2\/pages\/15\/revisions\/261"}],"up":[{"embeddable":true,"href":"https:\/\/luagris.net\/debaleas\/index.php?rest_route=\/wp\/v2\/pages\/7"}],"wp:attachment":[{"href":"https:\/\/luagris.net\/debaleas\/index.php?rest_route=%2Fwp%2Fv2%2Fmedia&parent=15"}],"curies":[{"name":"wp","href":"https:\/\/api.w.org\/{rel}","templated":true}]}}