{"id":14,"date":"2014-03-15T21:11:17","date_gmt":"2014-03-15T21:11:17","guid":{"rendered":"http:\/\/debaleas.blogaliza.org\/?page_id=12"},"modified":"2016-01-02T20:39:32","modified_gmt":"2016-01-02T20:39:32","slug":"varadura","status":"publish","type":"page","link":"https:\/\/luagris.net\/debaleas\/?page_id=14","title":{"rendered":""},"content":{"rendered":"<p>unha balea varada na praia<br \/>\nestarrece como a ru\u00edna dun imperio<\/p>\n<p>&nbsp;<br \/>\n\u00e9 unha postal impos\u00edbel<br \/>\nno centro da paisaxe<\/p>\n<p>&nbsp;<\/p>\n<p>treme o aire que paira<br \/>\ninm\u00f3bil ao seu redor<\/p>\n<p>e non ten<br \/>\nesa tensi\u00f3n do horizonte<br \/>\nsen\u00f3n acaso a conciencia de ser<br \/>\nela mesma todo un final<\/p>\n<p>&nbsp;<\/p>\n<p>a balea \u00e9 un deus ca\u00eddo<\/p>\n<p>unha espera deitada<\/p>\n<p>&nbsp;<br \/>\nse falas con ela<br \/>\nparecer\u00e1 que escoita a t\u00faa dor<br \/>\ne devolve preamar<\/p>\n<p>&nbsp;<\/p>\n<p>uns nenos ach\u00e9ganse<br \/>\np\u00e9s na area fr\u00eda<\/p>\n<p>observan con distancia<\/p>\n<p>&nbsp;<br \/>\na balea non pode moverse<br \/>\npero non \u00e9 o seu cheiro<br \/>\no que estarrece<\/p>\n<p>acaso sexa<br \/>\na inmensidade da met\u00e1fora<\/p>\n<p>&nbsp;<\/p>\n<p>&gt;&gt; <a href=\"http:\/\/luagris.net\/debaleas\/?p=152\">de limpeza<\/a><br \/>\n&gt;&gt; <a href=\"http:\/\/luagris.net\/debaleas\/?p=147\">pequenos apuntamentos<\/a><br \/>\n&gt;&gt; <a href=\"http:\/\/luagris.net\/debaleas\/?p=130\">do papel (varadura 1)<\/a><br \/>\n&gt;&gt; <a href=\"http:\/\/luagris.net\/debaleas\/?p=107\">axustes aqu\u00ed e al\u00e1<\/a><br \/>\n&gt;&gt; <a href=\"http:\/\/luagris.net\/debaleas\/?p=84\">axustes iniciais<\/a><br \/>\n&gt;&gt; <a href=\"http:\/\/luagris.net\/debaleas\/?page_id=44\">versi\u00f3n inicial<\/a><\/p>\n","protected":false},"excerpt":{"rendered":"<p>unha balea varada na praia estarrece como a ru\u00edna dun imperio &nbsp; \u00e9 unha postal impos\u00edbel no centro da paisaxe &nbsp; treme o aire que paira inm\u00f3bil ao seu redor e non ten esa tensi\u00f3n do horizonte sen\u00f3n acaso a conciencia de ser ela mesma todo un final &nbsp; a balea \u00e9 un deus ca\u00eddo [&hellip;]<\/p>\n","protected":false},"author":3,"featured_media":0,"parent":7,"menu_order":6,"comment_status":"closed","ping_status":"closed","template":"","meta":{"footnotes":""},"class_list":["post-14","page","type-page","status-publish","hentry"],"_links":{"self":[{"href":"https:\/\/luagris.net\/debaleas\/index.php?rest_route=\/wp\/v2\/pages\/14","targetHints":{"allow":["GET"]}}],"collection":[{"href":"https:\/\/luagris.net\/debaleas\/index.php?rest_route=\/wp\/v2\/pages"}],"about":[{"href":"https:\/\/luagris.net\/debaleas\/index.php?rest_route=\/wp\/v2\/types\/page"}],"author":[{"embeddable":true,"href":"https:\/\/luagris.net\/debaleas\/index.php?rest_route=\/wp\/v2\/users\/3"}],"replies":[{"embeddable":true,"href":"https:\/\/luagris.net\/debaleas\/index.php?rest_route=%2Fwp%2Fv2%2Fcomments&post=14"}],"version-history":[{"count":4,"href":"https:\/\/luagris.net\/debaleas\/index.php?rest_route=\/wp\/v2\/pages\/14\/revisions"}],"predecessor-version":[{"id":260,"href":"https:\/\/luagris.net\/debaleas\/index.php?rest_route=\/wp\/v2\/pages\/14\/revisions\/260"}],"up":[{"embeddable":true,"href":"https:\/\/luagris.net\/debaleas\/index.php?rest_route=\/wp\/v2\/pages\/7"}],"wp:attachment":[{"href":"https:\/\/luagris.net\/debaleas\/index.php?rest_route=%2Fwp%2Fv2%2Fmedia&parent=14"}],"curies":[{"name":"wp","href":"https:\/\/api.w.org\/{rel}","templated":true}]}}