{"id":137,"date":"2014-09-24T06:57:34","date_gmt":"2014-09-24T06:57:34","guid":{"rendered":"http:\/\/debaleas.blogaliza.org\/?page_id=137"},"modified":"2016-01-02T20:44:44","modified_gmt":"2016-01-02T20:44:44","slug":"a-neboa","status":"publish","type":"page","link":"https:\/\/luagris.net\/debaleas\/?page_id=137","title":{"rendered":""},"content":{"rendered":"<p>a n\u00e9boa<\/p>\n<p>un r\u00edo<\/p>\n<p>o tempo que se det\u00e9n<\/p>\n<p>un bote<\/p>\n<p>&nbsp;<br \/>\no ru\u00eddo dos remos ao bater<br \/>\nna superficie tersa da auga<\/p>\n<p>os reloxos non existen<\/p>\n<p>&nbsp;<\/p>\n<p>o bruar dunha vaca<br \/>\nna n\u00e9boa<\/p>\n<p>o son dos ax\u00f3uxeres<br \/>\ndas vacas<br \/>\nque xorden da n\u00e9boa da noite<\/p>\n<p>nos vales escuros<\/p>\n<p>&nbsp;<\/p>\n<p>o bosque<\/p>\n<p>as \u00e1rbores tecen sombras<br \/>\ne tentas pasar<br \/>\ndesapercibido<br \/>\npero o ru\u00eddo dos pasos<br \/>\nna follaxe<br \/>\natrona<\/p>\n<p>&nbsp;<\/p>\n<p>a n\u00e9boa<\/p>\n<p>a praia<br \/>\na area fr\u00eda<\/p>\n<p>o mar<br \/>\ns\u00f3 se int\u00fae<\/p>\n<p>o canto da balea<\/p>\n<p>&nbsp;<\/p>\n<p>&gt;&gt; <a href=\"http:\/\/luagris.net\/debaleas\/?page_id=138\">versi\u00f3n inicial<\/a><\/p>\n","protected":false},"excerpt":{"rendered":"<p>a n\u00e9boa un r\u00edo o tempo que se det\u00e9n un bote &nbsp; o ru\u00eddo dos remos ao bater na superficie tersa da auga os reloxos non existen &nbsp; o bruar dunha vaca na n\u00e9boa o son dos ax\u00f3uxeres das vacas que xorden da n\u00e9boa da noite nos vales escuros &nbsp; o bosque as \u00e1rbores tecen [&hellip;]<\/p>\n","protected":false},"author":3,"featured_media":0,"parent":7,"menu_order":0,"comment_status":"closed","ping_status":"closed","template":"","meta":{"footnotes":""},"class_list":["post-137","page","type-page","status-publish","hentry"],"_links":{"self":[{"href":"https:\/\/luagris.net\/debaleas\/index.php?rest_route=\/wp\/v2\/pages\/137","targetHints":{"allow":["GET"]}}],"collection":[{"href":"https:\/\/luagris.net\/debaleas\/index.php?rest_route=\/wp\/v2\/pages"}],"about":[{"href":"https:\/\/luagris.net\/debaleas\/index.php?rest_route=\/wp\/v2\/types\/page"}],"author":[{"embeddable":true,"href":"https:\/\/luagris.net\/debaleas\/index.php?rest_route=\/wp\/v2\/users\/3"}],"replies":[{"embeddable":true,"href":"https:\/\/luagris.net\/debaleas\/index.php?rest_route=%2Fwp%2Fv2%2Fcomments&post=137"}],"version-history":[{"count":2,"href":"https:\/\/luagris.net\/debaleas\/index.php?rest_route=\/wp\/v2\/pages\/137\/revisions"}],"predecessor-version":[{"id":262,"href":"https:\/\/luagris.net\/debaleas\/index.php?rest_route=\/wp\/v2\/pages\/137\/revisions\/262"}],"up":[{"embeddable":true,"href":"https:\/\/luagris.net\/debaleas\/index.php?rest_route=\/wp\/v2\/pages\/7"}],"wp:attachment":[{"href":"https:\/\/luagris.net\/debaleas\/index.php?rest_route=%2Fwp%2Fv2%2Fmedia&parent=137"}],"curies":[{"name":"wp","href":"https:\/\/api.w.org\/{rel}","templated":true}]}}