{"id":12,"date":"2014-03-15T21:07:43","date_gmt":"2014-03-15T21:07:43","guid":{"rendered":"http:\/\/debaleas.blogaliza.org\/?page_id=10"},"modified":"2016-01-02T20:25:27","modified_gmt":"2016-01-02T20:25:27","slug":"juan","status":"publish","type":"page","link":"https:\/\/luagris.net\/debaleas\/?page_id=12","title":{"rendered":""},"content":{"rendered":"<p>e volveu macarena na inundaci\u00f3n<br \/>\ncomo un camalote<br \/>\ncando o r\u00edo era opaco e a esperanza<br \/>\nnon minguaba<br \/>\njuan poeta<\/p>\n<p>porque ti eras ti e o mar tan triste<\/p>\n<p>&nbsp;<br \/>\nse env\u00edas luz<br \/>\nmesmo a morte devolve un verso<\/p>\n<p>&nbsp;<\/p>\n<p>pola corrente do paran\u00e1<br \/>\nbaixa unha balea<br \/>\ne ao chegar ao mar marr\u00f3n<br \/>\nesp\u00e1llase en lianas e liques<br \/>\ncara \u00e1 li\u00f1a afiada do horizonte<\/p>\n<p>&nbsp;<\/p>\n<p>macarena \u00e9 tigre extraviado no r\u00edo<\/p>\n<p>pero percorre a cidade de silencios<br \/>\ncoa calma de quen se sabe<br \/>\nsuxeita \u00e1 man morna das palabras<\/p>\n<p>&nbsp;<\/p>\n<p>igual estabas vos<br \/>\naquela vez \u00fanica que nos vimos<\/p>\n<p>o lique do teu rostro<br \/>\nilumin\u00e1base coa brasa do cigarro<br \/>\nna penumbra da r\u00faa fr\u00eda das tabernas<\/p>\n<p>&nbsp;<br \/>\no porto non era o de tu\u00f1\u00f3n<\/p>\n<p>era unha escenograf\u00eda<br \/>\nsen berros da carga<br \/>\nnin laio de guindastres<\/p>\n<p>&nbsp;<br \/>\na outra foto \u00e9 nun bar<\/p>\n<p>a luz que os cristais deixan fuxir<br \/>\nd\u00e1lle \u00e1 lembranza un matiz<br \/>\nirreal<\/p>\n<p>&nbsp;<br \/>\nao tempo que quitabas<br \/>\no abrigo<\/p>\n<p>ao desprenderte do peso da tarde<\/p>\n<p>dixeches cos ollos<br \/>\nunha frase de despedida<\/p>\n<p>e a min desped\u00eduseme unha patria<\/p>\n<p>&nbsp;<\/p>\n<p>deixeite ancorado<br \/>\nnoutro porto de teu<\/p>\n<p>&nbsp;<br \/>\nna r\u00faa a\u00ednda o fume<br \/>\ndese\u00f1aba a silueta<br \/>\nda balea errante na que viaxas<\/p>\n<p>juan<br \/>\ne os mortos que arrastras<\/p>\n<p>&nbsp;<\/p>\n<p>&gt;&gt; <a href=\"http:\/\/luagris.net\/debaleas\/?p=160\">ao regresar de buenos aires<\/a><br \/>\n&gt;&gt; <a href=\"http:\/\/luagris.net\/debaleas\/?p=157\">xa case<\/a><br \/>\n&gt;&gt; <a href=\"http:\/\/luagris.net\/debaleas\/?p=155\">po\u00f1endo en limpo<\/a><br \/>\n&gt;&gt; <a href=\"http:\/\/luagris.net\/debaleas\/?p=127\">do papel (juan 1)<\/a><br \/>\n&gt;&gt; <a href=\"http:\/\/luagris.net\/debaleas\/?p=111\">juan e as baleas<\/a><br \/>\n&gt;&gt; <a href=\"http:\/\/luagris.net\/debaleas\/?page_id=40\">versi\u00f3n inicial<\/a><\/p>\n","protected":false},"excerpt":{"rendered":"<p>e volveu macarena na inundaci\u00f3n como un camalote cando o r\u00edo era opaco e a esperanza non minguaba juan poeta porque ti eras ti e o mar tan triste &nbsp; se env\u00edas luz mesmo a morte devolve un verso &nbsp; pola corrente do paran\u00e1 baixa unha balea e ao chegar ao mar marr\u00f3n esp\u00e1llase en [&hellip;]<\/p>\n","protected":false},"author":3,"featured_media":0,"parent":7,"menu_order":4,"comment_status":"closed","ping_status":"closed","template":"","meta":{"footnotes":""},"class_list":["post-12","page","type-page","status-publish","hentry"],"_links":{"self":[{"href":"https:\/\/luagris.net\/debaleas\/index.php?rest_route=\/wp\/v2\/pages\/12","targetHints":{"allow":["GET"]}}],"collection":[{"href":"https:\/\/luagris.net\/debaleas\/index.php?rest_route=\/wp\/v2\/pages"}],"about":[{"href":"https:\/\/luagris.net\/debaleas\/index.php?rest_route=\/wp\/v2\/types\/page"}],"author":[{"embeddable":true,"href":"https:\/\/luagris.net\/debaleas\/index.php?rest_route=\/wp\/v2\/users\/3"}],"replies":[{"embeddable":true,"href":"https:\/\/luagris.net\/debaleas\/index.php?rest_route=%2Fwp%2Fv2%2Fcomments&post=12"}],"version-history":[{"count":4,"href":"https:\/\/luagris.net\/debaleas\/index.php?rest_route=\/wp\/v2\/pages\/12\/revisions"}],"predecessor-version":[{"id":255,"href":"https:\/\/luagris.net\/debaleas\/index.php?rest_route=\/wp\/v2\/pages\/12\/revisions\/255"}],"up":[{"embeddable":true,"href":"https:\/\/luagris.net\/debaleas\/index.php?rest_route=\/wp\/v2\/pages\/7"}],"wp:attachment":[{"href":"https:\/\/luagris.net\/debaleas\/index.php?rest_route=%2Fwp%2Fv2%2Fmedia&parent=12"}],"curies":[{"name":"wp","href":"https:\/\/api.w.org\/{rel}","templated":true}]}}