{"id":11,"date":"2014-03-15T21:03:52","date_gmt":"2014-03-15T21:03:52","guid":{"rendered":"http:\/\/debaleas.blogaliza.org\/?page_id=9"},"modified":"2016-01-02T18:32:25","modified_gmt":"2016-01-02T18:32:25","slug":"ulises","status":"publish","type":"page","link":"https:\/\/luagris.net\/debaleas\/?page_id=11","title":{"rendered":""},"content":{"rendered":"<p>cando regresaba ulises<br \/>\ndos restos calcinados de troia<br \/>\nfoi tentado por sereas<br \/>\natacado por c\u00edclopes<\/p>\n<p>pero por ningunha destas criaturas<br \/>\nfoi vencido<\/p>\n<p>&nbsp;<\/p>\n<p>navegou ulises<br \/>\ncon valor ou inconsciencia<\/p>\n<blockquote><p>navegaron<br \/>\nel e os seus compa\u00f1eiros<\/p><\/blockquote>\n<p>moitos mares<\/p>\n<p>e cando finalmente<br \/>\ndecidiu encami\u00f1arse cara a pen\u00e9lope<\/p>\n<blockquote><p>tornar \u00e1 india<br \/>\ndir\u00eda gelman<br \/>\nde aim\u00e9 bonpland<br \/>\no naturalista franc\u00e9s<\/p><\/blockquote>\n<p>cando colleu por fin cami\u00f1o<br \/>\n\u00e1 illa de seu<\/p>\n<p>ao lar<\/p>\n<p>para deixarse morrer<br \/>\nnese seu acubillo<\/p>\n<blockquote><p>a\u00ednda que tal vez<br \/>\nxa non sexan nosas<br \/>\nas cousas que deixamos atr\u00e1s<br \/>\nhai mil anos<\/p><\/blockquote>\n<p>nese seu \u00faltimo cami\u00f1o<br \/>\natopou unha balea<br \/>\ne marchou detr\u00e1s do seu ronsel<\/p>\n<p>o que o seu canto dese\u00f1aba nas ondas<\/p>\n<p>&nbsp;<\/p>\n<blockquote><p>no texto ecoan tenues<br \/>\nnunu bonpland<br \/>\ne a melod\u00eda do poema de gelman<\/p>\n<p>ou non son de ningu\u00e9n<br \/>\nas melod\u00edas do verso<\/p><\/blockquote>\n<p>&nbsp;<\/p>\n<p>e navegou ulises<br \/>\noutros mares<\/p>\n<p>e acaso esqueceu a pen\u00e9lope<\/p>\n<p>&nbsp;<\/p>\n<blockquote><p>bonpland nunca esqueceu<br \/>\na l\u00faa no colo de nunu<br \/>\nxunto \u00e1 boca do orinoco<\/p><\/blockquote>\n<p>&nbsp;<\/p>\n<p>e pen\u00e9lope envelleceu a\u00ednda m\u00e1is<br \/>\nse isto \u00e9 pos\u00edbel<br \/>\ne tam\u00e9n morreu<\/p>\n<p>e morreu ulises solitario<\/p>\n<blockquote><p>porque a balea \u00e9 libre<br \/>\ne un d\u00eda marchou<br \/>\ne deixouno extraviado para sempre<\/p><\/blockquote>\n<p>&nbsp;<\/p>\n<p>&gt;&gt; <a href=\"http:\/\/luagris.net\/debaleas\/?p=160\">ao regresar de buenos aires<\/a><br \/>\n&gt;&gt; <a href=\"http:\/\/luagris.net\/debaleas\/?p=157\">xa case<\/a><br \/>\n&gt;&gt; <a href=\"http:\/\/luagris.net\/debaleas\/?p=155\">po\u00f1endo en limpo<\/a><br \/>\n&gt;&gt; <a href=\"http:\/\/luagris.net\/debaleas\/?p=126\">do papel (ulises 1)<\/a><br \/>\n&gt;&gt; <a href=\"http:\/\/luagris.net\/debaleas\/?p=107\">axustes aqu\u00ed e al\u00e1<\/a><br \/>\n&gt;&gt; <a href=\"http:\/\/luagris.net\/debaleas\/?p=89\">ulises en verso<\/a><br \/>\n&gt;&gt; <a href=\"http:\/\/luagris.net\/debaleas\/?page_id=38\">versi\u00f3n inicial<\/a><\/p>\n","protected":false},"excerpt":{"rendered":"<p>cando regresaba ulises dos restos calcinados de troia foi tentado por sereas atacado por c\u00edclopes pero por ningunha destas criaturas foi vencido &nbsp; navegou ulises con valor ou inconsciencia navegaron el e os seus compa\u00f1eiros moitos mares e cando finalmente decidiu encami\u00f1arse cara a pen\u00e9lope tornar \u00e1 india dir\u00eda gelman de aim\u00e9 bonpland o naturalista [&hellip;]<\/p>\n","protected":false},"author":3,"featured_media":0,"parent":7,"menu_order":3,"comment_status":"closed","ping_status":"closed","template":"","meta":{"footnotes":""},"class_list":["post-11","page","type-page","status-publish","hentry"],"_links":{"self":[{"href":"https:\/\/luagris.net\/debaleas\/index.php?rest_route=\/wp\/v2\/pages\/11","targetHints":{"allow":["GET"]}}],"collection":[{"href":"https:\/\/luagris.net\/debaleas\/index.php?rest_route=\/wp\/v2\/pages"}],"about":[{"href":"https:\/\/luagris.net\/debaleas\/index.php?rest_route=\/wp\/v2\/types\/page"}],"author":[{"embeddable":true,"href":"https:\/\/luagris.net\/debaleas\/index.php?rest_route=\/wp\/v2\/users\/3"}],"replies":[{"embeddable":true,"href":"https:\/\/luagris.net\/debaleas\/index.php?rest_route=%2Fwp%2Fv2%2Fcomments&post=11"}],"version-history":[{"count":4,"href":"https:\/\/luagris.net\/debaleas\/index.php?rest_route=\/wp\/v2\/pages\/11\/revisions"}],"predecessor-version":[{"id":246,"href":"https:\/\/luagris.net\/debaleas\/index.php?rest_route=\/wp\/v2\/pages\/11\/revisions\/246"}],"up":[{"embeddable":true,"href":"https:\/\/luagris.net\/debaleas\/index.php?rest_route=\/wp\/v2\/pages\/7"}],"wp:attachment":[{"href":"https:\/\/luagris.net\/debaleas\/index.php?rest_route=%2Fwp%2Fv2%2Fmedia&parent=11"}],"curies":[{"name":"wp","href":"https:\/\/api.w.org\/{rel}","templated":true}]}}