{"id":536,"date":"2015-01-27T14:22:57","date_gmt":"2015-01-27T12:22:57","guid":{"rendered":"http:\/\/eduardoestevez.blogaliza.org\/?page_id=536"},"modified":"2015-01-27T14:22:57","modified_gmt":"2015-01-27T12:22:57","slug":"fora-de-campo","status":"publish","type":"page","link":"https:\/\/luagris.net\/blog\/?page_id=536","title":{"rendered":""},"content":{"rendered":"<p>exposici\u00f3n &#8220;f\u00f3ra de campo&#8221; na galer\u00eda sargadelos (ferrol)<\/p>\n<p>panor\u00e1micas da instalaci\u00f3n<\/p>\n<p><img loading=\"lazy\" class=\"alignnone size-medium wp-image-537\" src=\"http:\/\/luagris.net\/blog\/wp-content\/uploads\/2015\/01\/panoramica_1-300x66.jpg\" alt=\"panoramica_1\" width=\"300\" height=\"66\" srcset=\"https:\/\/luagris.net\/blog\/wp-content\/uploads\/2015\/01\/panoramica_1-300x66.jpg 300w, https:\/\/luagris.net\/blog\/wp-content\/uploads\/2015\/01\/panoramica_1-768x169.jpg 768w, https:\/\/luagris.net\/blog\/wp-content\/uploads\/2015\/01\/panoramica_1.jpg 1024w\" sizes=\"(max-width: 300px) 100vw, 300px\" \/><br \/>\n<img loading=\"lazy\" class=\"alignnone size-medium wp-image-546\" src=\"http:\/\/luagris.net\/blog\/wp-content\/uploads\/2015\/01\/panoramica_2-300x66.jpg\" alt=\"panoramica_2\" width=\"300\" height=\"66\" \/><\/p>\n<p>caxigueiro:<\/p>\n<p><img loading=\"lazy\" class=\"alignnone size-medium wp-image-538\" src=\"http:\/\/luagris.net\/blog\/wp-content\/uploads\/2015\/01\/caxigueiro_1-300x192.jpg\" alt=\"caxigueiro_1\" width=\"300\" height=\"192\" srcset=\"https:\/\/luagris.net\/blog\/wp-content\/uploads\/2015\/01\/caxigueiro_1-300x192.jpg 300w, https:\/\/luagris.net\/blog\/wp-content\/uploads\/2015\/01\/caxigueiro_1-768x491.jpg 768w, https:\/\/luagris.net\/blog\/wp-content\/uploads\/2015\/01\/caxigueiro_1.jpg 1024w\" sizes=\"(max-width: 300px) 100vw, 300px\" \/><br \/>\n<img loading=\"lazy\" class=\"alignnone size-medium wp-image-539\" src=\"http:\/\/luagris.net\/blog\/wp-content\/uploads\/2015\/01\/caxigueiro_2-300x169.jpg\" alt=\"caxigueiro_2\" width=\"300\" height=\"169\" srcset=\"https:\/\/luagris.net\/blog\/wp-content\/uploads\/2015\/01\/caxigueiro_2-300x169.jpg 300w, https:\/\/luagris.net\/blog\/wp-content\/uploads\/2015\/01\/caxigueiro_2-768x432.jpg 768w, https:\/\/luagris.net\/blog\/wp-content\/uploads\/2015\/01\/caxigueiro_2.jpg 1024w\" sizes=\"(max-width: 300px) 100vw, 300px\" \/><\/p>\n<p>ernesto gonz\u00e1lez torterolo:<\/p>\n<p><img loading=\"lazy\" class=\"alignnone size-medium wp-image-543\" src=\"http:\/\/luagris.net\/blog\/wp-content\/uploads\/2015\/01\/ernesto_1-300x184.jpg\" alt=\"ernesto_1\" width=\"300\" height=\"184\" \/><br \/>\n<img loading=\"lazy\" class=\"alignnone size-medium wp-image-544\" src=\"http:\/\/luagris.net\/blog\/wp-content\/uploads\/2015\/01\/ernesto_2-300x225.jpg\" alt=\"ernesto_2\" width=\"300\" height=\"225\" \/><\/p>\n<p>ignacio castro &#8220;nachok&#8221;:<\/p>\n<p><img loading=\"lazy\" class=\"alignnone size-medium wp-image-545\" src=\"http:\/\/luagris.net\/blog\/wp-content\/uploads\/2015\/01\/nachok-300x180.jpg\" alt=\"nachok\" width=\"300\" height=\"180\" \/><\/p>\n<p>a mi\u00f1a aportaci\u00f3n ao proxecto:<\/p>\n<p><img loading=\"lazy\" class=\"alignnone size-medium wp-image-540\" src=\"http:\/\/luagris.net\/blog\/wp-content\/uploads\/2015\/01\/edu-300x169.jpg\" alt=\"edu\" width=\"300\" height=\"169\" srcset=\"https:\/\/luagris.net\/blog\/wp-content\/uploads\/2015\/01\/edu-300x169.jpg 300w, https:\/\/luagris.net\/blog\/wp-content\/uploads\/2015\/01\/edu-768x432.jpg 768w, https:\/\/luagris.net\/blog\/wp-content\/uploads\/2015\/01\/edu.jpg 1024w\" sizes=\"(max-width: 300px) 100vw, 300px\" \/><br \/>\n<img loading=\"lazy\" class=\"alignnone size-medium wp-image-541\" src=\"http:\/\/luagris.net\/blog\/wp-content\/uploads\/2015\/01\/edu_2-300x169.jpg\" alt=\"edu_2\" width=\"300\" height=\"169\" srcset=\"https:\/\/luagris.net\/blog\/wp-content\/uploads\/2015\/01\/edu_2-300x169.jpg 300w, https:\/\/luagris.net\/blog\/wp-content\/uploads\/2015\/01\/edu_2-768x432.jpg 768w, https:\/\/luagris.net\/blog\/wp-content\/uploads\/2015\/01\/edu_2.jpg 1024w\" sizes=\"(max-width: 300px) 100vw, 300px\" \/><\/p>\n","protected":false},"excerpt":{"rendered":"<p>exposici\u00f3n &#8220;f\u00f3ra de campo&#8221; na galer\u00eda sargadelos (ferrol) panor\u00e1micas da instalaci\u00f3n caxigueiro: ernesto gonz\u00e1lez torterolo: ignacio castro &#8220;nachok&#8221;: a mi\u00f1a aportaci\u00f3n ao proxecto:<\/p>\n","protected":false},"author":2,"featured_media":0,"parent":0,"menu_order":0,"comment_status":"closed","ping_status":"closed","template":"","meta":[],"jetpack_sharing_enabled":true,"jetpack_shortlink":"https:\/\/wp.me\/P9ej9C-8E","_links":{"self":[{"href":"https:\/\/luagris.net\/blog\/index.php?rest_route=\/wp\/v2\/pages\/536"}],"collection":[{"href":"https:\/\/luagris.net\/blog\/index.php?rest_route=\/wp\/v2\/pages"}],"about":[{"href":"https:\/\/luagris.net\/blog\/index.php?rest_route=\/wp\/v2\/types\/page"}],"author":[{"embeddable":true,"href":"https:\/\/luagris.net\/blog\/index.php?rest_route=\/wp\/v2\/users\/2"}],"replies":[{"embeddable":true,"href":"https:\/\/luagris.net\/blog\/index.php?rest_route=%2Fwp%2Fv2%2Fcomments&post=536"}],"version-history":[{"count":1,"href":"https:\/\/luagris.net\/blog\/index.php?rest_route=\/wp\/v2\/pages\/536\/revisions"}],"predecessor-version":[{"id":576,"href":"https:\/\/luagris.net\/blog\/index.php?rest_route=\/wp\/v2\/pages\/536\/revisions\/576"}],"wp:attachment":[{"href":"https:\/\/luagris.net\/blog\/index.php?rest_route=%2Fwp%2Fv2%2Fmedia&parent=536"}],"curies":[{"name":"wp","href":"https:\/\/api.w.org\/{rel}","templated":true}]}}