{"id":505,"date":"2013-11-12T20:38:42","date_gmt":"2013-11-12T18:38:42","guid":{"rendered":"http:\/\/eduardoestevez.blogaliza.org\/?page_id=505"},"modified":"2016-03-14T18:19:38","modified_gmt":"2016-03-14T18:19:38","slug":"etc","status":"publish","type":"page","link":"https:\/\/luagris.net\/blog\/?page_id=505","title":{"rendered":""},"content":{"rendered":"<p><strong>exposici\u00f3n fotogr\u00e1fica &#8220;os veos da paisaxe&#8221;<\/strong> (ferrol, galer\u00eda sargadelos, 2009)<br \/>\nxunto coa aparici\u00f3n d&#8217;<em>os veos da paisaxe<\/em>, desta volta da man de antonio pi\u00f1eiro na colecci\u00f3n bourel, preparei unha exposici\u00f3n con algunhas das fotograf\u00edas que aparec\u00edan no libro. facendo clic <a href=\"?page_id=506\">aqu\u00ed<\/a> podedes ver unha mostra das imaxes.<\/p>\n<p><strong>f\u00f3ra de campo<\/strong> (ourense, galer\u00eda visol, 2013. ferrol, galer\u00eda sargadelos, 2014)<br \/>\no outono fotogr\u00e1fico de ourense convocou a ignacio castro &#8220;<a href=\"http:\/\/www.nachok.net\/\">nachok<\/a>&#8221; a facer unha proposta para a edici\u00f3n de 2013. ignacio abriu o convite a outros dous artistas pl\u00e1sticos amigos, <a href=\"http:\/\/www.caxigueiro.com\">caxigueiro<\/a> e <a href=\"https:\/\/www.facebook.com\/ernesto.gonzaleztorterolo\">ernesto gonz\u00e1lez torterolo<\/a> e a min. entre os catro dese\u00f1amos un proxecto que, como o seu nome o di, fala de fotograf\u00eda desde as marxes. podedes ver unhas imaxes da exposici\u00f3n en ferrol facendo clic <a href=\"?page_id=536\">aqu\u00ed<\/a>.<\/p>\n","protected":false},"excerpt":{"rendered":"<p>exposici\u00f3n fotogr\u00e1fica &#8220;os veos da paisaxe&#8221; (ferrol, galer\u00eda sargadelos, 2009) xunto coa aparici\u00f3n d&#8217;os veos da paisaxe, desta volta da man de antonio pi\u00f1eiro na colecci\u00f3n bourel, preparei unha exposici\u00f3n con algunhas das fotograf\u00edas que&#8230;<\/p>\n<div class=\"more-link-wrapper\"><a class=\"more-link\" href=\"https:\/\/luagris.net\/blog\/?page_id=505\">[seguir lendo]<span class=\"screen-reader-text\"><\/span><\/a><\/div>\n","protected":false},"author":2,"featured_media":0,"parent":0,"menu_order":9,"comment_status":"closed","ping_status":"closed","template":"","meta":[],"jetpack_sharing_enabled":true,"jetpack_shortlink":"https:\/\/wp.me\/P9ej9C-89","_links":{"self":[{"href":"https:\/\/luagris.net\/blog\/index.php?rest_route=\/wp\/v2\/pages\/505"}],"collection":[{"href":"https:\/\/luagris.net\/blog\/index.php?rest_route=\/wp\/v2\/pages"}],"about":[{"href":"https:\/\/luagris.net\/blog\/index.php?rest_route=\/wp\/v2\/types\/page"}],"author":[{"embeddable":true,"href":"https:\/\/luagris.net\/blog\/index.php?rest_route=\/wp\/v2\/users\/2"}],"replies":[{"embeddable":true,"href":"https:\/\/luagris.net\/blog\/index.php?rest_route=%2Fwp%2Fv2%2Fcomments&post=505"}],"version-history":[{"count":2,"href":"https:\/\/luagris.net\/blog\/index.php?rest_route=\/wp\/v2\/pages\/505\/revisions"}],"predecessor-version":[{"id":603,"href":"https:\/\/luagris.net\/blog\/index.php?rest_route=\/wp\/v2\/pages\/505\/revisions\/603"}],"wp:attachment":[{"href":"https:\/\/luagris.net\/blog\/index.php?rest_route=%2Fwp%2Fv2%2Fmedia&parent=505"}],"curies":[{"name":"wp","href":"https:\/\/api.w.org\/{rel}","templated":true}]}}